{"id":1071,"date":"2021-05-25T15:18:55","date_gmt":"2021-05-25T15:18:55","guid":{"rendered":"http:\/\/burntech.ind.br\/?page_id=1071"},"modified":"2023-05-05T13:48:04","modified_gmt":"2023-05-05T13:48:04","slug":"servicos","status":"publish","type":"page","link":"https:\/\/burntech.ind.br\/es\/servicos\/","title":{"rendered":"Servicios"},"content":{"rendered":"<div data-elementor-type=\"wp-page\" data-elementor-id=\"1071\" class=\"elementor elementor-1071\">\n\t\t\t\t\t\t<section class=\"elementor-section elementor-top-section elementor-element elementor-element-4fba1c28 elementor-section-boxed elementor-section-height-default elementor-section-height-default\" data-id=\"4fba1c28\" data-element_type=\"section\" data-settings=\"{&quot;background_background&quot;:&quot;classic&quot;}\">\n\t\t\t\t\t\t\t<div class=\"elementor-background-overlay\"><\/div>\n\t\t\t\t\t\t\t<div class=\"elementor-container elementor-column-gap-no\">\n\t\t\t\t\t<div class=\"elementor-column elementor-col-100 elementor-top-column elementor-element elementor-element-63ce67c\" data-id=\"63ce67c\" data-element_type=\"column\">\n\t\t\t<div class=\"elementor-widget-wrap elementor-element-populated\">\n\t\t\t\t\t\t<div class=\"elementor-element elementor-element-16d3c8af elementor-widget elementor-widget-heading\" data-id=\"16d3c8af\" data-element_type=\"widget\" data-widget_type=\"heading.default\">\n\t\t\t\t<div class=\"elementor-widget-container\">\n\t\t\t<h1 class=\"elementor-heading-title elementor-size-default\">Servicios<\/h1>\t\t<\/div>\n\t\t\t\t<\/div>\n\t\t\t\t\t<\/div>\n\t\t<\/div>\n\t\t\t\t\t<\/div>\n\t\t<\/section>\n\t\t\t\t<section class=\"elementor-section elementor-top-section elementor-element elementor-element-7252f84f elementor-section-content-middle elementor-section-boxed elementor-section-height-default elementor-section-height-default\" data-id=\"7252f84f\" data-element_type=\"section\">\n\t\t\t\t\t\t<div class=\"elementor-container elementor-column-gap-no\">\n\t\t\t\t\t<div class=\"elementor-column elementor-col-33 elementor-top-column elementor-element elementor-element-6cb4a0be\" data-id=\"6cb4a0be\" data-element_type=\"column\">\n\t\t\t<div class=\"elementor-widget-wrap elementor-element-populated\">\n\t\t\t\t\t\t<div class=\"elementor-element elementor-element-29dd323b elementor-widget elementor-widget-heading\" data-id=\"29dd323b\" data-element_type=\"widget\" data-widget_type=\"heading.default\">\n\t\t\t\t<div class=\"elementor-widget-container\">\n\t\t\t<h2 class=\"elementor-heading-title elementor-size-default\">Conhe\u00e7a os<br> nossos servi\u00e7os<\/h2>\t\t<\/div>\n\t\t\t\t<\/div>\n\t\t\t\t\t<\/div>\n\t\t<\/div>\n\t\t\t\t<div class=\"elementor-column elementor-col-66 elementor-top-column elementor-element elementor-element-4be0a57\" data-id=\"4be0a57\" data-element_type=\"column\">\n\t\t\t<div class=\"elementor-widget-wrap\">\n\t\t\t\t\t\t\t<\/div>\n\t\t<\/div>\n\t\t\t\t\t<\/div>\n\t\t<\/section>\n\t\t\t\t<section class=\"elementor-section elementor-top-section elementor-element elementor-element-7bc557b elementor-section-boxed elementor-section-height-default elementor-section-height-default\" data-id=\"7bc557b\" data-element_type=\"section\">\n\t\t\t\t\t\t<div class=\"elementor-container elementor-column-gap-default\">\n\t\t\t\t\t<div class=\"elementor-column elementor-col-100 elementor-top-column elementor-element elementor-element-8fe8779\" data-id=\"8fe8779\" data-element_type=\"column\">\n\t\t\t<div class=\"elementor-widget-wrap elementor-element-populated\">\n\t\t\t\t\t\t<div class=\"elementor-element elementor-element-78d50b1 elementor-widget elementor-widget-text-editor\" data-id=\"78d50b1\" data-element_type=\"widget\" data-widget_type=\"text-editor.default\">\n\t\t\t\t<div class=\"elementor-widget-container\">\n\t\t\t\t\t\t\t<p>A atua\u00e7\u00e3o da Burntech na \u00e1rea Metal Mec\u00e2nica m\u00e9dia e pesada se destaca pela sinergia entre a capacidade industrial com equipamentos robustos e modernos para constru\u00e7\u00e3o mec\u00e2nica e caldeiraria aliada a alta tecnologia de profissionais e equipes altamente especializados em solu\u00e7\u00f5es personalizadas, incluindo servi\u00e7os, manuten\u00e7\u00f5es, inspe\u00e7\u00f5es e montagens.\u00a0<\/p>\t\t\t\t\t\t<\/div>\n\t\t\t\t<\/div>\n\t\t\t\t\t<\/div>\n\t\t<\/div>\n\t\t\t\t\t<\/div>\n\t\t<\/section>\n\t\t\t\t<section class=\"elementor-section elementor-top-section elementor-element elementor-element-c0434b2 elementor-section-boxed elementor-section-height-default elementor-section-height-default\" data-id=\"c0434b2\" data-element_type=\"section\">\n\t\t\t\t\t\t<div class=\"elementor-container elementor-column-gap-default\">\n\t\t\t\t\t<div class=\"elementor-column elementor-col-50 elementor-top-column elementor-element elementor-element-8a6f420\" data-id=\"8a6f420\" data-element_type=\"column\">\n\t\t\t<div class=\"elementor-widget-wrap elementor-element-populated\">\n\t\t\t\t\t\t<div class=\"elementor-element elementor-element-2e4dd6c elementor-widget elementor-widget-text-editor\" data-id=\"2e4dd6c\" data-element_type=\"widget\" data-widget_type=\"text-editor.default\">\n\t\t\t\t<div class=\"elementor-widget-container\">\n\t\t\t\t\t\t\t<p><b>Assist\u00eancia t\u00e9cnica e p\u00f3s-venda<\/b><\/p><p><span style=\"font-weight: 400;\">Reformas de Caldeiras<\/span><\/p><p><span style=\"font-weight: 400;\">Reformas de Queimadores<\/span><\/p><p><span style=\"font-weight: 400;\">Reformas de Flu\u00eddo T\u00e9rmico<\/span><\/p><p><span style=\"font-weight: 400;\">Reformas de Sistemas de Movimenta\u00e7\u00e3o e Armazenagem de Biomassa<\/span><\/p><p><span style=\"font-weight: 400;\">Reformas e Substitui\u00e7\u00e3o de Diversas<\/span><\/p><p><span style=\"font-weight: 400;\">Pe\u00e7as e Equipamentos<\/span><\/p><p><span style=\"font-weight: 400;\">Desmontagem e Montagens no Geral<\/span><\/p><p><span style=\"font-weight: 400;\">Retrofit de Automa\u00e7\u00e3o e Controle<\/span><\/p><p><b>Engenharia<\/b><\/p><p><span style=\"font-weight: 400;\">C\u00e1lculos T\u00e9rmicos<\/span><\/p><p><span style=\"font-weight: 400;\">Balan\u00e7os de Massa e Energia<\/span><\/p><p><span style=\"font-weight: 400;\">Estudos de Viabilidade<\/span><\/p><p><span style=\"font-weight: 400;\">Projetos de Gera\u00e7\u00e3o de Energia El\u00e9trica<\/span><\/p><p><span style=\"font-weight: 400;\">Layouts Personalizados<\/span><\/p><p><span style=\"font-weight: 400;\">Estudos e Solu\u00e7\u00f5es personalizadas em Movimenta\u00e7\u00e3o de Biomassa<\/span><\/p><p><span style=\"font-weight: 400;\">Estudo de Incremento da Capacidade e da Performance de Caldeiras Existentes<\/span><\/p><p><span style=\"font-weight: 400;\">Troca da Matriz Energ\u00e9tica<\/span><\/p><p><b>Ensaios n\u00e3o destrutivos<\/b><\/p><p><span style=\"font-weight: 400;\">Visual de Solda<\/span><\/p><p><span style=\"font-weight: 400;\">L\u00edquido penetrante<\/span><\/p><p><span style=\"font-weight: 400;\">Part\u00edcula Magn\u00e9tica<\/span><\/p><p><span style=\"font-weight: 400;\">Ultrassom Convencional<\/span><\/p><p><span style=\"font-weight: 400;\">Ultrassom Phased Array\/TOFD<\/span><\/p><p><span style=\"font-weight: 400;\">Medi\u00e7\u00e3o de Espessura\u00a0<\/span><\/p><p><span style=\"font-weight: 400;\">Medi\u00e7\u00e3o de Camada de Tinta<\/span><\/p><p><span style=\"font-weight: 400;\">Endoscopia Industrial<\/span><\/p><p>\u00a0<\/p>\t\t\t\t\t\t<\/div>\n\t\t\t\t<\/div>\n\t\t\t\t\t<\/div>\n\t\t<\/div>\n\t\t\t\t<div class=\"elementor-column elementor-col-50 elementor-top-column elementor-element elementor-element-c04c679\" data-id=\"c04c679\" data-element_type=\"column\">\n\t\t\t<div class=\"elementor-widget-wrap elementor-element-populated\">\n\t\t\t\t\t\t<div class=\"elementor-element elementor-element-2e0d559 elementor-widget elementor-widget-text-editor\" data-id=\"2e0d559\" data-element_type=\"widget\" data-widget_type=\"text-editor.default\">\n\t\t\t\t<div class=\"elementor-widget-container\">\n\t\t\t\t\t\t\t<p><b>Pintura<\/b><\/p><p><span style=\"font-weight: 400;\">Pintura Industrial L\u00edquida Aplicada com Pistola.<\/span><\/p><p><span style=\"font-weight: 400;\">Cabine de Jateamento: 14 m x 14 m x 8 m<\/span><\/p><p><span style=\"font-weight: 400;\">Cabine de Pintura com Controle de Umidade e\u00a0<\/span><\/p><p><span style=\"font-weight: 400;\">Temperatura: 24 m x 8 m x 5,5 m<\/span><\/p><p><span style=\"font-weight: 400;\">Cabine de Pintura sem Controle: 24 m x 8 m x 4 m<\/span><\/p><p>\u00a0<\/p><p><b>Solda Convencional<\/b><\/p><p><span style=\"font-weight: 400;\">MIG (GMAW)<\/span><span style=\"font-weight: 400;\">\u2029<\/span><\/p><p><span style=\"font-weight: 400;\">TIG (GTAW)<\/span><\/p><p><span style=\"font-weight: 400;\">Arco submerso (SAW)<\/span><\/p><p><span style=\"font-weight: 400;\">Arame Tubular (FCAW)<\/span><\/p><p><span style=\"font-weight: 400;\">Eletrodo Revestido (SMAW)<\/span><\/p><p><span style=\"font-weight: 400;\">Solda a Arco (5,665 Kg\/Hs)<\/span><\/p><p>\u00a0<\/p><p><b>Teste de Performance:<\/b><\/p><p><span style=\"font-weight: 400;\">Teste Hidrost\u00e1tico\u00a0<\/span><\/p><p><span style=\"font-weight: 400;\">Teste Pneum\u00e1tico\u00a0<\/span><\/p><p><span style=\"font-weight: 400;\">Estanqueidade por Capilaridade<\/span><\/p><p><b>Tratamento:<\/b><\/p><p><span style=\"font-weight: 400;\">Jateamento Abrasivo Conforme<\/span><\/p><p><span style=\"font-weight: 400;\">ISO 8501-1:2007<\/span><\/p><p><b>Limpeza<\/b><\/p><p><span style=\"font-weight: 400;\">Mec\u00e2nica e Qu\u00edmica<\/span><span style=\"font-weight: 400;\"><br \/><\/span><\/p>\t\t\t\t\t\t<\/div>\n\t\t\t\t<\/div>\n\t\t\t\t\t<\/div>\n\t\t<\/div>\n\t\t\t\t\t<\/div>\n\t\t<\/section>\n\t\t\t\t<section class=\"elementor-section elementor-top-section elementor-element elementor-element-d54db45 elementor-section-boxed elementor-section-height-default elementor-section-height-default\" data-id=\"d54db45\" data-element_type=\"section\" data-settings=\"{&quot;background_background&quot;:&quot;classic&quot;}\">\n\t\t\t\t\t\t<div class=\"elementor-container elementor-column-gap-default\">\n\t\t\t\t\t<div class=\"elementor-column elementor-col-100 elementor-top-column elementor-element elementor-element-bdac168\" data-id=\"bdac168\" data-element_type=\"column\">\n\t\t\t<div class=\"elementor-widget-wrap elementor-element-populated\">\n\t\t\t\t\t\t<div class=\"elementor-element elementor-element-e31712f elementor-widget elementor-widget-heading\" data-id=\"e31712f\" data-element_type=\"widget\" data-widget_type=\"heading.default\">\n\t\t\t\t<div class=\"elementor-widget-container\">\n\t\t\t<h2 class=\"elementor-heading-title elementor-size-default\">Terceiriza\u00e7\u00e3o<\/h2>\t\t<\/div>\n\t\t\t\t<\/div>\n\t\t\t\t<div class=\"elementor-element elementor-element-6d8de44 elementor-widget elementor-widget-heading\" data-id=\"6d8de44\" data-element_type=\"widget\" data-widget_type=\"heading.default\">\n\t\t\t\t<div class=\"elementor-widget-container\">\n\t\t\t<h2 class=\"elementor-heading-title elementor-size-default\">Servi\u00e7os de metal mec\u00e2nica<br> para outras empresas do mesmo ramo<\/h2>\t\t<\/div>\n\t\t\t\t<\/div>\n\t\t\t\t<div class=\"elementor-element elementor-element-1477fe7 elementor-hidden-phone elementor-widget elementor-widget-text-editor\" data-id=\"1477fe7\" data-element_type=\"widget\" data-widget_type=\"text-editor.default\">\n\t\t\t\t<div class=\"elementor-widget-container\">\n\t\t\t\t\t\t\t<p><b>Dobradeira de Tubos<\/b><\/p><p><span style=\"font-weight: 400;\">Di\u00e2metro de tubo. \u00d8max. 3\u201d \u2013 \u00d8min. \u00be\u201d<\/span><\/p><p><span style=\"font-weight: 400;\">Menor raio 30mm \u2013 maior raio 300mm<\/span><\/p><p><span style=\"font-weight: 400;\">\u00c2ngulo da dobra: at\u00e9 180\u00b0<\/span><\/p><p><b>Dobradeira de Pain\u00e9is Aletados<\/b><\/p><p><span style=\"font-weight: 400;\">Raio da dobra 500mm<\/span><\/p><p><span style=\"font-weight: 400;\">\u00c2ngulo da dobra at\u00e9 108\u00b0<\/span><\/p><p><span style=\"font-weight: 400;\">Dobra qualquer \u00d8 at\u00e9 3\u201d<\/span><\/p><p><span style=\"font-weight: 400;\">Largura m\u00e1xima do painel 612mm<\/span><\/p><p><b>Dobradeira de Chapas<\/b><\/p><p><span style=\"font-weight: 400;\">Largura m\u00e1xima 3000mm\u00a0\u00a0<\/span><\/p><p><span style=\"font-weight: 400;\">Espessura m\u00e1xima 3\/8\u201d\u00a0<\/span><\/p><p><span style=\"font-weight: 400;\">\u00c2ngulo m\u00e1ximo de dobra 90\u00b0<\/span><\/p><p><b>M\u00e1quina de Corte<\/b><\/p><p><span style=\"font-weight: 400;\">Boca de lobo de coletores<\/span><\/p><p><span style=\"font-weight: 400;\">\u00d8tubos Schedule: \u00d8min. 3.1\/2\u201d \u2013 \u00d8max. 14\u201d<\/span><\/p><p><b>M\u00e1quina de Aletar Pain\u00e9is de Fornalha<\/b><\/p><p><span style=\"font-weight: 400;\">Tubos de 3\u201d com barra chata de 1\u201d x 1\/4\u201d\u00a0\u00a0\u00a0\u00a0\u00a0\u00a0\u00a0\u00a0\u00a0\u00a0\u00a0\u00a0\u00a0\u00a0\u00a0\u00a0\u00a0\u00a0\u00a0\u00a0\u00a0\u00a0\u00a0\u00a0\u00a0\u00a0\u00a0\u00a0\u00a0\u00a0\u00a0\u00a0\u00a0\u00a0\u00a0\u00a0\u00a0<\/span><\/p><p><span style=\"font-weight: 400;\">Tubos de 2.1\/2\u201d com barra chata de 1.1\/2\u201d x 1\/4\u201d\u00a0\u00a0\u00a0\u00a0\u00a0\u00a0\u00a0\u00a0\u00a0\u00a0\u00a0\u00a0\u00a0\u00a0\u00a0\u00a0\u00a0\u00a0\u00a0\u00a0\u00a0\u00a0\u00a0\u00a0\u00a0\u00a0\u00a0<\/span><\/p><p><span style=\"font-weight: 400;\">\u00a0Faz pain\u00e9is com 2, 5 ou 6 tubos<\/span><\/p><p><b>Calandra de Serpentina<\/b><\/p><p><span style=\"font-weight: 400;\">\u00d8tubos A178: 2.1\/2\u201d \u2013 3\u201d \u2013 4\u201d<\/span><\/p><p><span style=\"font-weight: 400;\">\u00d8min. Para calandragem 1500mm<\/span><\/p><p>\u00a0<\/p><p>\u00a0<\/p><p><b>Gilhotina<\/b><\/p><p><span style=\"font-weight: 400;\">Largura m\u00e1xima 3000mm<\/span><\/p><p><span style=\"font-weight: 400;\">Espessura m\u00e1xima 3\/8\u201d<\/span><\/p><p><b>CNC Plasma<\/b><\/p><p><span style=\"font-weight: 400;\">Corta at\u00e9 1\u201d \u2013 Largura m\u00e1xima de corte 2440mm<\/span><\/p><p><span style=\"font-weight: 400;\">Comprimento m\u00e1ximo de corte 6000mm<\/span><\/p><p><b>Ponte Rolante e Talhas<\/b><\/p><p><span style=\"font-weight: 400;\">17 Talhas de 2 Toneladas<\/span><\/p><p><span style=\"font-weight: 400;\">2 Pontes Rolantes de 20 Toneladas<\/span><\/p><p><span style=\"font-weight: 400;\">1 Ponte Rolante de 50 Toneladas<\/span><\/p><p><span style=\"font-weight: 400;\">1 P\u00f3rtico Rolante de 100 Toneladas<\/span><\/p><p><b>Capacidade de Calandra<\/b><\/p><p><span style=\"font-weight: 400;\">Espessura at\u00e9 4\u201d\u00a0<\/span><\/p><p><span style=\"font-weight: 400;\">Comprimento m\u00e1ximo da virola 3000mm<\/span><\/p><p><span style=\"font-weight: 400;\">\u00d8M\u00ednimo de calandragem 100mm<\/span><\/p><p><span style=\"font-weight: 400;\">\u00d8m\u00e1ximo NA<\/span><\/p><p><b>Calandra de Tubos<\/b><\/p><p><span style=\"font-weight: 400;\">Matriz para tubos com \u00d8 externo de 1\u201d<\/span><\/p><p><span style=\"font-weight: 400;\">1.1\/4\u201d \u2013 1.1\/2\u201d \u2013 48,3mm<\/span><\/p>\t\t\t\t\t\t<\/div>\n\t\t\t\t<\/div>\n\t\t\t\t<div class=\"elementor-element elementor-element-4022ddc elementor-hidden-desktop elementor-hidden-tablet elementor-widget elementor-widget-text-editor\" data-id=\"4022ddc\" data-element_type=\"widget\" data-widget_type=\"text-editor.default\">\n\t\t\t\t<div class=\"elementor-widget-container\">\n\t\t\t\t\t\t\t<p><b>Dobradeira de Tubos<\/b><\/p><p><span style=\"font-weight: 400;\">Di\u00e2metro de tubo. \u00d8max. 3\u201d \u2013 \u00d8min. \u00be\u201d<\/span><\/p><p><span style=\"font-weight: 400;\">Menor raio 30mm \u2013 maior raio 300mm<\/span><\/p><p><span style=\"font-weight: 400;\">\u00c2ngulo da dobra: at\u00e9 180\u00b0<\/span><\/p><p>\u00a0<\/p><p><b>Dobradeira de Pain\u00e9is Aletados<\/b><\/p><p><span style=\"font-weight: 400;\">Raio da dobra 500mm<\/span><\/p><p><span style=\"font-weight: 400;\">\u00c2ngulo da dobra at\u00e9 108\u00b0<\/span><\/p><p><span style=\"font-weight: 400;\">Dobra qualquer \u00d8 at\u00e9 3\u201d<\/span><\/p><p><span style=\"font-weight: 400;\">Largura m\u00e1xima do painel 612mm<\/span><\/p><p>\u00a0<\/p><p><b>Dobradeira de Chapas<\/b><\/p><p><span style=\"font-weight: 400;\">Largura m\u00e1xima 3000mm\u00a0\u00a0<\/span><\/p><p><span style=\"font-weight: 400;\">Espessura m\u00e1xima 3\/8\u201d\u00a0<\/span><\/p><p><span style=\"font-weight: 400;\">\u00c2ngulo m\u00e1ximo de dobra 90\u00b0<\/span><\/p><p>\u00a0<\/p><p><b>M\u00e1quina de Corte<\/b><\/p><p><span style=\"font-weight: 400;\">Boca de lobo de coletores<\/span><\/p><p><span style=\"font-weight: 400;\">\u00d8tubos Schedule: \u00d8min. 3.1\/2\u201d \u2013 \u00d8max. 14\u201d<\/span><\/p><p>\u00a0<\/p><p><b>M\u00e1quina de Aletar Pain\u00e9is de Fornalha<\/b><\/p><p><span style=\"font-weight: 400;\">Tubos de 3\u201d com barra chata de 1\u201d x 1\/4\u201d\u00a0\u00a0\u00a0\u00a0\u00a0\u00a0\u00a0\u00a0\u00a0\u00a0\u00a0\u00a0\u00a0\u00a0\u00a0\u00a0\u00a0\u00a0\u00a0\u00a0\u00a0\u00a0\u00a0\u00a0\u00a0\u00a0\u00a0\u00a0\u00a0\u00a0\u00a0\u00a0\u00a0\u00a0\u00a0\u00a0\u00a0<\/span><\/p><p><span style=\"font-weight: 400;\">Tubos de 2.1\/2\u201d com barra chata de 1.1\/2\u201d x 1\/4\u201d\u00a0\u00a0\u00a0\u00a0\u00a0\u00a0\u00a0\u00a0\u00a0\u00a0\u00a0\u00a0\u00a0\u00a0\u00a0\u00a0\u00a0\u00a0\u00a0\u00a0\u00a0\u00a0\u00a0\u00a0\u00a0\u00a0\u00a0<\/span><\/p><p><span style=\"font-weight: 400;\">\u00a0Faz pain\u00e9is com 2, 5 ou 6 tubos<\/span><\/p><p>\u00a0<\/p><p><b>Calandra de Serpentina<\/b><\/p><p><span style=\"font-weight: 400;\">\u00d8tubos A178: 2.1\/2\u201d \u2013 3\u201d \u2013 4\u201d<\/span><\/p><p><span style=\"font-weight: 400;\">\u00d8min. Para calandragem 1500mm<\/span><\/p><p>\u00a0<\/p><p><b>Gilhotina<\/b><\/p><p><span style=\"font-weight: 400;\">Largura m\u00e1xima 3000mm<\/span><\/p><p><span style=\"font-weight: 400;\">Espessura m\u00e1xima 3\/8\u201d<\/span><\/p><p>\u00a0<\/p><p><b>CNC Plasma<\/b><\/p><p><span style=\"font-weight: 400;\">Corta at\u00e9 1\u201d \u2013 Largura m\u00e1xima de corte 2440mm<\/span><\/p><p><span style=\"font-weight: 400;\">Comprimento m\u00e1ximo de corte 6000mm<\/span><\/p><p>\u00a0<\/p><p><b>Ponte Rolante e Talhas<\/b><\/p><p><span style=\"font-weight: 400;\">17 Talhas de 2 Toneladas<\/span><\/p><p><span style=\"font-weight: 400;\">2 Pontes Rolantes de 20 Toneladas<\/span><\/p><p><span style=\"font-weight: 400;\">1 Ponte Rolante de 50 Toneladas<\/span><\/p><p><span style=\"font-weight: 400;\">1 P\u00f3rtico Rolante de 100 Toneladas<\/span><\/p><p>\u00a0<\/p><p><b>Capacidade de Calandra<\/b><\/p><p><span style=\"font-weight: 400;\">Espessura at\u00e9 4\u201d\u00a0<\/span><\/p><p><span style=\"font-weight: 400;\">Comprimento m\u00e1ximo da virola 3000mm<\/span><\/p><p><span style=\"font-weight: 400;\">\u00d8M\u00ednimo de calandragem 100mm<\/span><\/p><p><span style=\"font-weight: 400;\">\u00d8m\u00e1ximo NA<\/span><\/p><p>\u00a0<\/p><p><b>Calandra de Tubos<\/b><\/p><p><span style=\"font-weight: 400;\">Matriz para tubos com \u00d8 externo de 1\u201d<\/span><\/p><p><span style=\"font-weight: 400;\">1.1\/4\u201d \u2013 1.1\/2\u201d \u2013 48,3mm<\/span><\/p>\t\t\t\t\t\t<\/div>\n\t\t\t\t<\/div>\n\t\t\t\t\t<\/div>\n\t\t<\/div>\n\t\t\t\t\t<\/div>\n\t\t<\/section>\n\t\t\t\t<\/div>","protected":false},"excerpt":{"rendered":"<p>Servi\u00e7os Conhe\u00e7a os nossos servi\u00e7os A atua\u00e7\u00e3o da Burntech na \u00e1rea Metal Mec\u00e2nica m\u00e9dia e pesada se destaca pela sinergia entre a capacidade industrial com equipamentos robustos e modernos para constru\u00e7\u00e3o mec\u00e2nica e caldeiraria aliada a alta tecnologia de profissionais e equipes altamente especializados em solu\u00e7\u00f5es personalizadas, incluindo servi\u00e7os, manuten\u00e7\u00f5es, inspe\u00e7\u00f5es e montagens.\u00a0 Assist\u00eancia t\u00e9cnica &hellip;<\/p>\n<p class=\"read-more\"> <a class=\"\" href=\"https:\/\/burntech.ind.br\/es\/servicos\/\"> <span class=\"screen-reader-text\">Servicios<\/span> Leer m\u00e1s &raquo;<\/a><\/p>","protected":false},"author":1,"featured_media":0,"parent":0,"menu_order":0,"comment_status":"closed","ping_status":"closed","template":"","meta":{"om_disable_all_campaigns":false,"_monsterinsights_skip_tracking":false,"_monsterinsights_sitenote_active":false,"_monsterinsights_sitenote_note":"","_monsterinsights_sitenote_category":0,"footnotes":""},"class_list":["post-1071","page","type-page","status-publish","hentry"],"aioseo_notices":[],"_links":{"self":[{"href":"https:\/\/burntech.ind.br\/es\/wp-json\/wp\/v2\/pages\/1071","targetHints":{"allow":["GET"]}}],"collection":[{"href":"https:\/\/burntech.ind.br\/es\/wp-json\/wp\/v2\/pages"}],"about":[{"href":"https:\/\/burntech.ind.br\/es\/wp-json\/wp\/v2\/types\/page"}],"author":[{"embeddable":true,"href":"https:\/\/burntech.ind.br\/es\/wp-json\/wp\/v2\/users\/1"}],"replies":[{"embeddable":true,"href":"https:\/\/burntech.ind.br\/es\/wp-json\/wp\/v2\/comments?post=1071"}],"version-history":[{"count":41,"href":"https:\/\/burntech.ind.br\/es\/wp-json\/wp\/v2\/pages\/1071\/revisions"}],"predecessor-version":[{"id":2488,"href":"https:\/\/burntech.ind.br\/es\/wp-json\/wp\/v2\/pages\/1071\/revisions\/2488"}],"wp:attachment":[{"href":"https:\/\/burntech.ind.br\/es\/wp-json\/wp\/v2\/media?parent=1071"}],"curies":[{"name":"wp","href":"https:\/\/api.w.org\/{rel}","templated":true}]}}