{"id":1106,"date":"2021-05-25T16:55:21","date_gmt":"2021-05-25T16:55:21","guid":{"rendered":"http:\/\/burntech.ind.br\/?page_id=1106"},"modified":"2022-03-30T06:34:52","modified_gmt":"2022-03-30T06:34:52","slug":"termos-de-uso","status":"publish","type":"page","link":"https:\/\/burntech.ind.br\/es\/termos-de-uso\/","title":{"rendered":"Terminos de uso"},"content":{"rendered":"<div data-elementor-type=\"wp-page\" data-elementor-id=\"1106\" class=\"elementor elementor-1106\">\n\t\t\t\t\t\t<section class=\"elementor-section elementor-top-section elementor-element elementor-element-692f2546 elementor-section-content-middle elementor-section-boxed elementor-section-height-default elementor-section-height-default\" data-id=\"692f2546\" data-element_type=\"section\">\n\t\t\t\t\t\t<div class=\"elementor-container elementor-column-gap-no\">\n\t\t\t\t\t<div class=\"elementor-column elementor-col-100 elementor-top-column elementor-element elementor-element-6f87b879\" data-id=\"6f87b879\" data-element_type=\"column\">\n\t\t\t<div class=\"elementor-widget-wrap elementor-element-populated\">\n\t\t\t\t\t\t<div class=\"elementor-element elementor-element-21386e7b elementor-widget elementor-widget-heading\" data-id=\"21386e7b\" data-element_type=\"widget\" data-widget_type=\"heading.default\">\n\t\t\t\t<div class=\"elementor-widget-container\">\n\t\t\t<h2 class=\"elementor-heading-title elementor-size-default\">Terminos de uso<\/h2>\t\t<\/div>\n\t\t\t\t<\/div>\n\t\t\t\t\t<\/div>\n\t\t<\/div>\n\t\t\t\t\t<\/div>\n\t\t<\/section>\n\t\t\t\t<section class=\"elementor-section elementor-top-section elementor-element elementor-element-4a0d999 elementor-section-boxed elementor-section-height-default elementor-section-height-default\" data-id=\"4a0d999\" data-element_type=\"section\">\n\t\t\t\t\t\t<div class=\"elementor-container elementor-column-gap-default\">\n\t\t\t\t\t<div class=\"elementor-column elementor-col-100 elementor-top-column elementor-element elementor-element-da43ae5\" data-id=\"da43ae5\" data-element_type=\"column\">\n\t\t\t<div class=\"elementor-widget-wrap elementor-element-populated\">\n\t\t\t\t\t\t<div class=\"elementor-element elementor-element-487903b elementor-widget elementor-widget-text-editor\" data-id=\"487903b\" data-element_type=\"widget\" data-widget_type=\"text-editor.default\">\n\t\t\t\t<div class=\"elementor-widget-container\">\n\t\t\t\t\t\t\t<p><strong>Termos e Condi\u00e7\u00f5es<\/strong><\/p><p>Estes termos e condi\u00e7\u00f5es descrevem as regras e regulamentos para o uso do site da Burntech, localizado em www.burntech.ind.br.<\/p><p>Ao acessar este site, assumimos que voc\u00ea aceita estes termos e condi\u00e7\u00f5es. N\u00e3o continue a usar o burntech.ind.br se voc\u00ea n\u00e3o concordar em aceitar todos os termos e condi\u00e7\u00f5es indicados nesta p\u00e1gina.<\/p><p>\u00a0<\/p><p><strong>Cookies<\/strong><br \/>O site usa cookies para ajudar a personalizar sua experi\u00eancia online. Ao acessar burntech.ind.br, voc\u00ea concorda em usar os cookies necess\u00e1rios.<\/p><p>Um cookie \u00e9 um arquivo de texto que \u00e9 colocado em seu disco r\u00edgido por um servidor de p\u00e1gina da web. Os cookies n\u00e3o podem ser usados \u200b\u200bpara executar programas ou entregar v\u00edrus ao seu computador. Os cookies s\u00e3o atribu\u00eddos exclusivamente a voc\u00ea e s\u00f3 podem ser lidos por um servidor da web no dom\u00ednio que emitiu o cookie para voc\u00ea.<\/p><p>Podemos usar cookies para coletar, armazenar e rastrear informa\u00e7\u00f5es para fins estat\u00edsticos ou de marketing para operar nosso site. Voc\u00ea tem a capacidade de aceitar ou recusar Cookies opcionais. Existem alguns Cookies obrigat\u00f3rios que s\u00e3o necess\u00e1rios para o funcionamento do nosso site. Esses cookies n\u00e3o requerem seu consentimento, pois sempre funcionam. Lembre-se de que, ao aceitar os cookies necess\u00e1rios, voc\u00ea tamb\u00e9m aceita cookies de terceiros, que podem ser usados \u200b\u200bpor meio de servi\u00e7os fornecidos por terceiros se voc\u00ea usar esses servi\u00e7os em nosso site, por exemplo, uma janela de exibi\u00e7\u00e3o de v\u00eddeo fornecida por terceiros e integrada em nosso site.<\/p><p><strong>Licen\u00e7a(s)<\/strong><br \/>Salvo indica\u00e7\u00e3o em contr\u00e1rio, Burntech e\/ou seus licenciadores possuem os direitos de propriedade intelectual de todo o material em burntech.ind.br. Todos os direitos de propriedade intelectual s\u00e3o reservados. Voc\u00ea pode acess\u00e1-lo em burntech.ind.br para seu uso pessoal sujeito \u00e0s restri\u00e7\u00f5es estabelecidas nestes termos e condi\u00e7\u00f5es.<\/p><p><strong>O usu\u00e1rio n\u00e3o deve<\/strong><\/p><p>Copiar ou republicar material da burntech.ind.br<br \/>Vender, alugar ou sublicenciar material da burntech.ind.br<br \/>Reproduza, duplique ou copie material da burntech.ind.br<br \/>Redistribuir conte\u00fado do burntech.ind.br<br \/>Este Contrato ter\u00e1 in\u00edcio na presente data.<\/p><p>Partes deste site oferecem aos usu\u00e1rios a oportunidade de postar e trocar opini\u00f5es e informa\u00e7\u00f5es em determinadas \u00e1reas do site. Burntech n\u00e3o filtra, edita, publica ou revisa Coment\u00e1rios antes de sua presen\u00e7a no site. Os coment\u00e1rios n\u00e3o refletem os pontos de vista e opini\u00f5es da Burntech, seus agentes e\/ou afiliados. Os coment\u00e1rios refletem os pontos de vista e opini\u00f5es da pessoa que publica seus pontos de vista e opini\u00f5es. Na medida do permitido pelas leis aplic\u00e1veis, a Burntech n\u00e3o ser\u00e1 respons\u00e1vel pelos Coment\u00e1rios ou por qualquer responsabilidade, danos ou despesas causados \u200b\u200be\/ou sofridos como resultado de qualquer uso e\/ou publica\u00e7\u00e3o e\/ou apresenta\u00e7\u00e3o dos Coment\u00e1rios neste local na rede Internet.<\/p><p>A Burntech se reserva o direito de monitorar todos os Coment\u00e1rios e remover quaisquer Coment\u00e1rios que possam ser considerados inadequados, ofensivos ou que causem viola\u00e7\u00e3o destes Termos e Condi\u00e7\u00f5es.<\/p><p>\u00a0<\/p><p><strong>O usu\u00e1rio garante e declara que<\/strong><\/p><p>Voc\u00ea tem o direito de postar os Coment\u00e1rios em nosso site e tem todas as licen\u00e7as e consentimentos necess\u00e1rios para faz\u00ea-lo;<br \/>Os Coment\u00e1rios n\u00e3o invadem nenhum direito de propriedade intelectual, incluindo, sem limita\u00e7\u00e3o, direitos autorais, patentes ou marcas registradas de terceiros;<br \/>Os Coment\u00e1rios n\u00e3o cont\u00eam nenhum material difamat\u00f3rio, calunioso, ofensivo, indecente ou ilegal, o que \u00e9 uma invas\u00e3o de privacidade.<br \/>Os Coment\u00e1rios n\u00e3o ser\u00e3o usados \u200b\u200bpara solicitar ou promover neg\u00f3cios ou costumes ou apresentar atividades comerciais ou atividades ilegais.<br \/>Voc\u00ea concede \u00e0 Burntech uma licen\u00e7a n\u00e3o exclusiva para usar, reproduzir, editar e autorizar outros a usar, reproduzir e editar qualquer um de seus Coment\u00e1rios em todas e quaisquer formas, formatos ou m\u00eddia.<\/p><p>\u00a0<\/p><p><strong>Hiperlinks para o nosso conte\u00fado<\/strong><br \/>As seguintes organiza\u00e7\u00f5es podem vincular-se ao nosso site sem aprova\u00e7\u00e3o pr\u00e9via por escrito:<\/p><p>Ag\u00eancias governamentais;<br \/>Motores de busca;<br \/>Organiza\u00e7\u00f5es de not\u00edcias;<br \/>Os distribuidores de diret\u00f3rios on-line podem vincular-se ao nosso site da mesma maneira que vinculam aos sites de outras empresas listadas; e<br \/>Empresas credenciadas em todo o sistema, exceto organiza\u00e7\u00f5es sem fins lucrativos, shopping centers de caridade e grupos de angaria\u00e7\u00e3o de fundos de caridade que n\u00e3o podem ter links para nosso site.<br \/>Essas organiza\u00e7\u00f5es podem criar links para nossa p\u00e1gina inicial, publica\u00e7\u00f5es ou outras informa\u00e7\u00f5es do site, desde que o link: (a) n\u00e3o seja enganoso de forma alguma; (b) n\u00e3o implique falsamente patroc\u00ednio, endosso ou aprova\u00e7\u00e3o da parte vinculada e seus produtos e\/ou servi\u00e7os; e (c) se enquadre no contexto do site da parte vinculada.<\/p><p>Podemos considerar e aprovar outras solicita\u00e7\u00f5es de link dos seguintes tipos de organiza\u00e7\u00f5es:<\/p><p>fontes de informa\u00e7\u00f5es de consumidores e\/ou neg\u00f3cios comumente conhecidas;<br \/>sites da comunidade ponto.com;<br \/>associa\u00e7\u00f5es ou outros grupos que representam institui\u00e7\u00f5es de caridade;<br \/>distribuidores de diret\u00f3rios on-line;<br \/>portais de internet;<br \/>empresas de contabilidade, advocacia e consultoria; e<br \/>institui\u00e7\u00f5es de ensino e associa\u00e7\u00f5es comerciais.<br \/>Aprovaremos solicita\u00e7\u00f5es de links dessas organiza\u00e7\u00f5es se decidirmos que: (a) o link n\u00e3o nos faria parecer desfavor\u00e1vel a n\u00f3s mesmos ou aos nossos neg\u00f3cios credenciados; (b) a organiza\u00e7\u00e3o n\u00e3o possui registros negativos conosco; (c) o benef\u00edcio para n\u00f3s<\/p><p>da visibilidade do hiperlink compensa a aus\u00eancia do Burntech; e (d) o link est\u00e1 no contexto de informa\u00e7\u00f5es gerais sobre recursos.<\/p><p>Essas organiza\u00e7\u00f5es podem criar links para nossa p\u00e1gina inicial, desde que o link: (a) n\u00e3o seja enganoso de forma alguma; (b) n\u00e3o implique falsamente patroc\u00ednio, endosso ou aprova\u00e7\u00e3o da parte vinculada e seus produtos ou servi\u00e7os; e (c) se enquadre no contexto do site da parte vinculada.<\/p><p>Se voc\u00ea \u00e9 uma das organiza\u00e7\u00f5es listadas no par\u00e1grafo 2 acima e est\u00e1 interessado em se conectar ao nosso site, voc\u00ea deve nos informar enviando um e-mail para Burntech. Inclua seu nome, nome da sua organiza\u00e7\u00e3o, informa\u00e7\u00f5es de contato, bem como o URL do seu site, uma lista de todos os URLs dos quais voc\u00ea pretende vincular ao nosso site e uma lista dos URLs do nosso site para os quais voc\u00ea gostaria de link. Aguarde 2-3 semanas por uma resposta.<\/p><p>As organiza\u00e7\u00f5es aprovadas podem criar links para o nosso site da seguinte forma:<\/p><p>Pelo uso de nosso nome corporativo; ou<br \/>Pelo uso do localizador uniforme de recursos que est\u00e1 sendo vinculado; ou<br \/>O uso de qualquer outra descri\u00e7\u00e3o do nosso site vinculado a isso faz sentido dentro do contexto e formato do conte\u00fado no site da parte vinculada.<br \/>Nenhum uso do logotipo da Burntech ou outra arte ser\u00e1 permitido para vincular sem um contrato de licen\u00e7a de marca registrada.<\/p><p>\u00a0<\/p><p><strong>Responsabilidade do conte\u00fado<\/strong><br \/>N\u00e3o nos responsabilizamos por qualquer conte\u00fado que apare\u00e7a em seu site. Voc\u00ea concorda em nos proteger e nos defender contra todas as reivindica\u00e7\u00f5es levantadas em seu site. Nenhum link(s) deve(m) aparecer em qualquer site que possa ser interpretado como difamat\u00f3rio, obsceno ou criminoso, ou que infrinja, viole de outra forma ou defenda a viola\u00e7\u00e3o ou outra viola\u00e7\u00e3o de quaisquer direitos de terceiros.<\/p><p>\u00a0<\/p><p><strong>Reserva de Direitos<\/strong><br \/>Reservamo-nos o direito de solicitar que voc\u00ea remova todos os links ou qualquer link espec\u00edfico para o nosso site. Voc\u00ea aprova a remo\u00e7\u00e3o imediata de todos os links para nosso site mediante solicita\u00e7\u00e3o. Tamb\u00e9m nos reservamos o direito de alterar estes termos e condi\u00e7\u00f5es e sua pol\u00edtica de vincula\u00e7\u00e3o a qualquer momento. Ao vincular continuamente ao nosso site, voc\u00ea concorda em se comprometer e seguir estes termos e condi\u00e7\u00f5es de vincula\u00e7\u00e3o.<\/p><p>\u00a0<\/p><p><strong>Remo\u00e7\u00e3o de links do nosso site<\/strong><br \/>Se voc\u00ea encontrar algum link em nosso site que seja ofensivo por qualquer motivo, voc\u00ea pode entrar em contato e nos informar a qualquer momento. Consideraremos solicita\u00e7\u00f5es para remover links, mas n\u00e3o somos obrigados a responder a voc\u00ea diretamente.<\/p><p>N\u00e3o garantimos que as informa\u00e7\u00f5es contidas neste site estejam corretas. N\u00e3o garantimos sua integridade ou precis\u00e3o, nem prometemos garantir que o site permane\u00e7a dispon\u00edvel ou que o material no site seja atualizado.<\/p><p>\u00a0<\/p><p><strong>Isen\u00e7\u00e3o de responsabilidade<\/strong><br \/>Na extens\u00e3o m\u00e1xima permitida pela lei aplic\u00e1vel, exclu\u00edmos todas as representa\u00e7\u00f5es, garantias e condi\u00e7\u00f5es relacionadas ao nosso site e ao uso deste site. Nada neste aviso legal ir\u00e1:<\/p><p>limitar ou excluir nossa ou sua responsabilidade por morte ou danos pessoais;<br \/>limitar ou excluir nossa ou sua responsabilidade por fraude ou deturpa\u00e7\u00e3o fraudulenta;<br \/>limitar qualquer uma de nossas ou suas responsabilidades de qualquer forma que n\u00e3o seja permitida pela lei aplic\u00e1vel; ou<br \/>excluir qualquer uma de nossas ou suas responsabilidades que n\u00e3o possam ser exclu\u00eddas pela lei aplic\u00e1vel.<br \/>As limita\u00e7\u00f5es e proibi\u00e7\u00f5es de responsabilidade estabelecidas nesta Se\u00e7\u00e3o e em outras partes desta isen\u00e7\u00e3o de responsabilidade: (a) est\u00e3o sujeitas ao par\u00e1grafo anterior; e (b) reger todas as responsabilidades decorrentes da isen\u00e7\u00e3o de responsabilidade, incluindo responsabilidades decorrentes de contrato, delito e viola\u00e7\u00e3o de dever legal.<\/p><p>Desde que o site e as informa\u00e7\u00f5es e servi\u00e7os no site sejam fornecidos gratuitamente, n\u00e3o seremos respons\u00e1veis \u200b\u200bpor quaisquer perdas ou danos de qualquer natureza.<\/p>\t\t\t\t\t\t<\/div>\n\t\t\t\t<\/div>\n\t\t\t\t\t<\/div>\n\t\t<\/div>\n\t\t\t\t\t<\/div>\n\t\t<\/section>\n\t\t\t\t<\/div>","protected":false},"excerpt":{"rendered":"<p>Termos de Uso Termos e Condi\u00e7\u00f5es Estes termos e condi\u00e7\u00f5es descrevem as regras e regulamentos para o uso do site da Burntech, localizado em www.burntech.ind.br. Ao acessar este site, assumimos que voc\u00ea aceita estes termos e condi\u00e7\u00f5es. N\u00e3o continue a usar o burntech.ind.br se voc\u00ea n\u00e3o concordar em aceitar todos os termos e condi\u00e7\u00f5es indicados &hellip;<\/p>\n<p class=\"read-more\"> <a class=\"\" href=\"https:\/\/burntech.ind.br\/es\/termos-de-uso\/\"> <span class=\"screen-reader-text\">Terminos de uso<\/span> Leer m\u00e1s &raquo;<\/a><\/p>","protected":false},"author":1,"featured_media":0,"parent":0,"menu_order":0,"comment_status":"closed","ping_status":"closed","template":"","meta":{"om_disable_all_campaigns":false,"_monsterinsights_skip_tracking":false,"_monsterinsights_sitenote_active":false,"_monsterinsights_sitenote_note":"","_monsterinsights_sitenote_category":0,"footnotes":""},"class_list":["post-1106","page","type-page","status-publish","hentry"],"aioseo_notices":[],"_links":{"self":[{"href":"https:\/\/burntech.ind.br\/es\/wp-json\/wp\/v2\/pages\/1106","targetHints":{"allow":["GET"]}}],"collection":[{"href":"https:\/\/burntech.ind.br\/es\/wp-json\/wp\/v2\/pages"}],"about":[{"href":"https:\/\/burntech.ind.br\/es\/wp-json\/wp\/v2\/types\/page"}],"author":[{"embeddable":true,"href":"https:\/\/burntech.ind.br\/es\/wp-json\/wp\/v2\/users\/1"}],"replies":[{"embeddable":true,"href":"https:\/\/burntech.ind.br\/es\/wp-json\/wp\/v2\/comments?post=1106"}],"version-history":[{"count":10,"href":"https:\/\/burntech.ind.br\/es\/wp-json\/wp\/v2\/pages\/1106\/revisions"}],"predecessor-version":[{"id":2163,"href":"https:\/\/burntech.ind.br\/es\/wp-json\/wp\/v2\/pages\/1106\/revisions\/2163"}],"wp:attachment":[{"href":"https:\/\/burntech.ind.br\/es\/wp-json\/wp\/v2\/media?parent=1106"}],"curies":[{"name":"wp","href":"https:\/\/api.w.org\/{rel}","templated":true}]}}