{"id":1230,"date":"2021-10-08T18:49:56","date_gmt":"2021-10-08T18:49:56","guid":{"rendered":"https:\/\/burntech.ind.br\/?page_id=1230"},"modified":"2025-12-18T11:07:43","modified_gmt":"2025-12-18T11:07:43","slug":"caldeira-flamotubular-mista-hrs","status":"publish","type":"page","link":"https:\/\/burntech.ind.br\/es\/caldeira-flamotubular-mista-hrs\/","title":{"rendered":"HRS"},"content":{"rendered":"<div data-elementor-type=\"wp-page\" data-elementor-id=\"1230\" class=\"elementor elementor-1230\">\n\t\t\t\t\t\t<section class=\"elementor-section elementor-top-section elementor-element elementor-element-453006d8 elementor-section-boxed elementor-section-height-default elementor-section-height-default\" data-id=\"453006d8\" data-element_type=\"section\" data-settings=\"{&quot;background_background&quot;:&quot;classic&quot;}\">\n\t\t\t\t\t\t\t<div class=\"elementor-background-overlay\"><\/div>\n\t\t\t\t\t\t\t<div class=\"elementor-container elementor-column-gap-no\">\n\t\t\t\t\t<div class=\"elementor-column elementor-col-100 elementor-top-column elementor-element elementor-element-7ae428b2\" data-id=\"7ae428b2\" data-element_type=\"column\">\n\t\t\t<div class=\"elementor-widget-wrap elementor-element-populated\">\n\t\t\t\t\t\t<div class=\"elementor-element elementor-element-5674f727 elementor-widget elementor-widget-heading\" data-id=\"5674f727\" data-element_type=\"widget\" data-widget_type=\"heading.default\">\n\t\t\t\t<div class=\"elementor-widget-container\">\n\t\t\t<h1 class=\"elementor-heading-title elementor-size-default\">Caldeira Flamotubular Mista HRS<\/h1>\t\t<\/div>\n\t\t\t\t<\/div>\n\t\t\t\t<div class=\"elementor-element elementor-element-5810856f elementor-widget elementor-widget-text-editor\" data-id=\"5810856f\" data-element_type=\"widget\" data-widget_type=\"text-editor.default\">\n\t\t\t\t<div class=\"elementor-widget-container\">\n\t\t\t\t\t\t\t<p><span style=\"font-weight: 400;\">A caldeira flamotubular HRZ tem como refer\u00eancia o modelo mais conhecido de mercado com dois passes de gases desenhado em 1996, projeto de uma caldeira moderna, compacta, com o mais tradicional e eficiente sistema de queima tipo grelha WVT fixa-m\u00f3vel, de combust\u00e3o pirol\u00edtica, tecnologia adquirida da Alemanha em 1986. <\/span><\/p>\t\t\t\t\t\t<\/div>\n\t\t\t\t<\/div>\n\t\t\t\t\t<\/div>\n\t\t<\/div>\n\t\t\t\t\t<\/div>\n\t\t<\/section>\n\t\t\t\t<section class=\"elementor-section elementor-top-section elementor-element elementor-element-142a981d elementor-section-content-middle elementor-section-boxed elementor-section-height-default elementor-section-height-default\" data-id=\"142a981d\" data-element_type=\"section\">\n\t\t\t\t\t\t<div class=\"elementor-container elementor-column-gap-no\">\n\t\t\t\t\t<div class=\"elementor-column elementor-col-33 elementor-top-column elementor-element elementor-element-6c20f3be\" data-id=\"6c20f3be\" data-element_type=\"column\">\n\t\t\t<div class=\"elementor-widget-wrap elementor-element-populated\">\n\t\t\t\t\t\t<div class=\"elementor-element elementor-element-745d6902 elementor-widget elementor-widget-heading\" data-id=\"745d6902\" data-element_type=\"widget\" data-widget_type=\"heading.default\">\n\t\t\t\t<div class=\"elementor-widget-container\">\n\t\t\t<h2 class=\"elementor-heading-title elementor-size-default\">Diferenciais<\/h2>\t\t<\/div>\n\t\t\t\t<\/div>\n\t\t\t\t\t<\/div>\n\t\t<\/div>\n\t\t\t\t<div class=\"elementor-column elementor-col-66 elementor-top-column elementor-element elementor-element-729b6511\" data-id=\"729b6511\" data-element_type=\"column\">\n\t\t\t<div class=\"elementor-widget-wrap elementor-element-populated\">\n\t\t\t\t\t\t<div class=\"elementor-element elementor-element-55f41cef elementor-widget elementor-widget-text-editor\" data-id=\"55f41cef\" data-element_type=\"widget\" data-widget_type=\"text-editor.default\">\n\t\t\t\t<div class=\"elementor-widget-container\">\n\t\t\t\t\t\t\t<p><span style=\"font-weight: 400;\">Reconhecida pela capacidade de queimar res\u00edduos de biomassa de baixa qualidade com umidade de at\u00e9 55% (BU) e PCI da ordem de 1450 kcal\/kg, com alta efici\u00eancia de queima\u00a0 podendo ultrapassar os 98%.<\/span><\/p>\t\t\t\t\t\t<\/div>\n\t\t\t\t<\/div>\n\t\t\t\t\t<\/div>\n\t\t<\/div>\n\t\t\t\t\t<\/div>\n\t\t<\/section>\n\t\t\t\t<section class=\"elementor-section elementor-top-section elementor-element elementor-element-253b7646 elementor-section-boxed elementor-section-height-default elementor-section-height-default\" data-id=\"253b7646\" data-element_type=\"section\">\n\t\t\t\t\t\t<div class=\"elementor-container elementor-column-gap-default\">\n\t\t\t\t\t<div class=\"elementor-column elementor-col-100 elementor-top-column elementor-element elementor-element-4844c778\" data-id=\"4844c778\" data-element_type=\"column\">\n\t\t\t<div class=\"elementor-widget-wrap elementor-element-populated\">\n\t\t\t\t\t\t<div class=\"elementor-element elementor-element-c2b225 elementor-widget elementor-widget-heading\" data-id=\"c2b225\" data-element_type=\"widget\" data-widget_type=\"heading.default\">\n\t\t\t\t<div class=\"elementor-widget-container\">\n\t\t\t<h2 class=\"elementor-heading-title elementor-size-default\">Caracter\u00edsticas Gerais<\/h2>\t\t<\/div>\n\t\t\t\t<\/div>\n\t\t\t\t<div class=\"elementor-element elementor-element-6b24eb38 elementor-widget elementor-widget-text-editor\" data-id=\"6b24eb38\" data-element_type=\"widget\" data-widget_type=\"text-editor.default\">\n\t\t\t\t<div class=\"elementor-widget-container\">\n\t\t\t\t\t\t\t<ul>\n<li style=\"font-weight: 400;\" aria-level=\"1\"><span style=\"font-weight: 400;\">Compacta;&nbsp;<\/span><\/li>\n<li style=\"font-weight: 400;\" aria-level=\"1\"><span style=\"font-weight: 400;\">Capacidade produtiva de vapor de 1t\/h a 25t\/h;<\/span><\/li>\n<li style=\"font-weight: 400;\" aria-level=\"1\"><span style=\"font-weight: 400;\">Press\u00e3o de opera\u00e7\u00e3o de at\u00e9 21bar (a);&nbsp;<\/span><\/li>\n<li style=\"font-weight: 400;\" aria-level=\"1\"><span style=\"font-weight: 400;\">Capacidade de opera\u00e7\u00e3o de 100% da carga e com picos de at\u00e9 110%;<\/span><\/li>\n<li style=\"font-weight: 400;\" aria-level=\"1\"><span style=\"font-weight: 400;\">Rendimento m\u00e9dio de 85%;<\/span><\/li>\n<li style=\"font-weight: 400;\" aria-level=\"1\"><span style=\"font-weight: 400;\">Caldeira com efici\u00eancia de queima que chega a ultrapassar os 98%;<\/span><\/li>\n<li style=\"font-weight: 400;\" aria-level=\"1\"><span style=\"font-weight: 400;\">Fornalha horizontal de 2 passes de gases;&nbsp;<\/span><\/li>\n<li style=\"font-weight: 400;\" aria-level=\"1\"><span style=\"font-weight: 400;\">Refrat\u00e1rio na parede reversa (intermedi\u00e1ria);&nbsp;<\/span><\/li>\n<li style=\"font-weight: 400;\" aria-level=\"1\"><span style=\"font-weight: 400;\">Tempo de resid\u00eancia dos gases na fornalha maior que 2 segundos;&nbsp;<\/span><\/li>\n<li style=\"font-weight: 400;\" aria-level=\"1\"><span style=\"font-weight: 400;\">C\u00e1lculo da \u00e1rea de troca da fornalha considerando apenas \u00e1rea plana em proje\u00e7\u00e3o;&nbsp;<\/span><\/li>\n<li style=\"font-weight: 400;\" aria-level=\"1\"><span style=\"font-weight: 400;\">Tambor de vapor com 2 passes de gases e com velocidade adequada para evitar a eros\u00e3o dos tubos de chama;<\/span><\/li>\n<li style=\"font-weight: 400;\" aria-level=\"1\"><span style=\"font-weight: 400;\">Pr\u00e9-aquecedor de ar com garantia de temperatura de metal fora da faixa de condensa\u00e7\u00e3o garantido a vida \u00fatil dos tubos, com apenas 1 passe de gases na descendente;<\/span><\/li>\n<li style=\"font-weight: 400;\" aria-level=\"1\"><span style=\"font-weight: 400;\">Arranjo do pr\u00e9-aquecedor de ar com fluxo ar\/g\u00e1s em paralelo garantido maior temperatura de metal em todos os tubos evitando o ponto de orvalho enxofre protegendo os tubos da corros\u00e3o;<\/span><\/li>\n<li style=\"font-weight: 400;\" aria-level=\"1\"><span style=\"font-weight: 400;\">By-pass proporcional autom\u00e1tico no lado ar garantindo boa temperatura de metal dos tubos do pr\u00e9-aquecedor de ar mesmo com a caldeira em baixa carga ou queimando combust\u00edvel extremamente seco;<\/span><\/li>\n<li style=\"font-weight: 400;\" aria-level=\"1\"><span style=\"font-weight: 400;\">Ventiladores adquiridos das melhores marcas e empresas especializadas.<\/span><\/li>\n<\/ul>\t\t\t\t\t\t<\/div>\n\t\t\t\t<\/div>\n\t\t\t\t\t<\/div>\n\t\t<\/div>\n\t\t\t\t\t<\/div>\n\t\t<\/section>\n\t\t\t\t<section class=\"elementor-section elementor-top-section elementor-element elementor-element-6ef3d704 elementor-section-full_width elementor-section-height-default elementor-section-height-default\" data-id=\"6ef3d704\" data-element_type=\"section\" data-settings=\"{&quot;background_background&quot;:&quot;classic&quot;}\">\n\t\t\t\t\t\t<div class=\"elementor-container elementor-column-gap-default\">\n\t\t\t\t\t<div class=\"elementor-column elementor-col-50 elementor-top-column elementor-element elementor-element-965864e\" data-id=\"965864e\" data-element_type=\"column\" data-settings=\"{&quot;background_background&quot;:&quot;classic&quot;}\">\n\t\t\t<div class=\"elementor-widget-wrap elementor-element-populated\">\n\t\t\t\t\t\t<div class=\"elementor-element elementor-element-2045b38c elementor-widget elementor-widget-image\" data-id=\"2045b38c\" data-element_type=\"widget\" data-widget_type=\"image.default\">\n\t\t\t\t<div class=\"elementor-widget-container\">\n\t\t\t\t\t\t\t\t\t\t\t\t\t<img fetchpriority=\"high\" decoding=\"async\" width=\"2048\" height=\"1536\" src=\"https:\/\/burntech.ind.br\/wp-content\/uploads\/2023\/05\/Caldeira_Flamotubular_cavaco-2-1.jpeg\" class=\"attachment-full size-full wp-image-2624\" alt=\"\" srcset=\"https:\/\/burntech.ind.br\/wp-content\/uploads\/2023\/05\/Caldeira_Flamotubular_cavaco-2-1.jpeg 2048w, https:\/\/burntech.ind.br\/wp-content\/uploads\/2023\/05\/Caldeira_Flamotubular_cavaco-2-1-300x225.jpeg 300w, https:\/\/burntech.ind.br\/wp-content\/uploads\/2023\/05\/Caldeira_Flamotubular_cavaco-2-1-1024x768.jpeg 1024w, https:\/\/burntech.ind.br\/wp-content\/uploads\/2023\/05\/Caldeira_Flamotubular_cavaco-2-1-768x576.jpeg 768w, https:\/\/burntech.ind.br\/wp-content\/uploads\/2023\/05\/Caldeira_Flamotubular_cavaco-2-1-1536x1152.jpeg 1536w, https:\/\/burntech.ind.br\/wp-content\/uploads\/2023\/05\/Caldeira_Flamotubular_cavaco-2-1-16x12.jpeg 16w\" sizes=\"(max-width: 2048px) 100vw, 2048px\" \/>\t\t\t\t\t\t\t\t\t\t\t\t\t<\/div>\n\t\t\t\t<\/div>\n\t\t\t\t\t<\/div>\n\t\t<\/div>\n\t\t\t\t<div class=\"elementor-column elementor-col-50 elementor-top-column elementor-element elementor-element-2b3e639f\" data-id=\"2b3e639f\" data-element_type=\"column\">\n\t\t\t<div class=\"elementor-widget-wrap\">\n\t\t\t\t\t\t\t<\/div>\n\t\t<\/div>\n\t\t\t\t\t<\/div>\n\t\t<\/section>\n\t\t\t\t<section class=\"elementor-section elementor-top-section elementor-element elementor-element-a6d3d89 elementor-section-boxed elementor-section-height-default elementor-section-height-default\" data-id=\"a6d3d89\" data-element_type=\"section\">\n\t\t\t\t\t\t<div class=\"elementor-container elementor-column-gap-default\">\n\t\t\t\t\t<div class=\"elementor-column elementor-col-100 elementor-top-column elementor-element elementor-element-67286fd\" data-id=\"67286fd\" data-element_type=\"column\">\n\t\t\t<div class=\"elementor-widget-wrap elementor-element-populated\">\n\t\t\t\t\t\t<div class=\"elementor-element elementor-element-057ad18 elementor-widget elementor-widget-heading\" data-id=\"057ad18\" data-element_type=\"widget\" data-widget_type=\"heading.default\">\n\t\t\t\t<div class=\"elementor-widget-container\">\n\t\t\t<h2 class=\"elementor-heading-title elementor-size-default\">Galeria de fotos:<\/h2>\t\t<\/div>\n\t\t\t\t<\/div>\n\t\t\t\t<div class=\"elementor-element elementor-element-5f396e7 elementor-arrows-position-outside elementor-hidden-phone elementor-pagination-position-outside elementor-widget elementor-widget-image-carousel\" data-id=\"5f396e7\" data-element_type=\"widget\" data-settings=\"{&quot;slides_to_show&quot;:&quot;5&quot;,&quot;navigation&quot;:&quot;both&quot;,&quot;autoplay&quot;:&quot;yes&quot;,&quot;pause_on_hover&quot;:&quot;yes&quot;,&quot;pause_on_interaction&quot;:&quot;yes&quot;,&quot;autoplay_speed&quot;:5000,&quot;infinite&quot;:&quot;yes&quot;,&quot;speed&quot;:500}\" data-widget_type=\"image-carousel.default\">\n\t\t\t\t<div class=\"elementor-widget-container\">\n\t\t\t\t\t<div class=\"elementor-image-carousel-wrapper swiper\" dir=\"ltr\">\n\t\t\t<div class=\"elementor-image-carousel swiper-wrapper\" aria-live=\"off\">\n\t\t\t\t\t\t\t\t<div class=\"swiper-slide\" role=\"group\" aria-roledescription=\"slide\" aria-label=\"1 de 6\"><a data-elementor-open-lightbox=\"yes\" data-elementor-lightbox-slideshow=\"5f396e7\" data-elementor-lightbox-title=\"Caldeira_Flamotubular_cavaco (1)\" data-e-action-hash=\"#elementor-action%3Aaction%3Dlightbox%26settings%3DeyJpZCI6MjYxNCwidXJsIjoiaHR0cHM6XC9cL2J1cm50ZWNoLmluZC5iclwvd3AtY29udGVudFwvdXBsb2Fkc1wvMjAyM1wvMDVcL0NhbGRlaXJhX0ZsYW1vdHVidWxhcl9jYXZhY28tMS5qcGciLCJzbGlkZXNob3ciOiI1ZjM5NmU3In0%3D\" href=\"https:\/\/burntech.ind.br\/wp-content\/uploads\/2023\/05\/Caldeira_Flamotubular_cavaco-1.jpg\"><figure class=\"swiper-slide-inner\"><img decoding=\"async\" class=\"swiper-slide-image\" src=\"https:\/\/burntech.ind.br\/wp-content\/uploads\/2023\/05\/Caldeira_Flamotubular_cavaco-1-150x150.jpg\" alt=\"Caldeira_Flamotubular_cavaco (1)\" \/><\/figure><\/a><\/div><div class=\"swiper-slide\" role=\"group\" aria-roledescription=\"slide\" aria-label=\"2 de 6\"><a data-elementor-open-lightbox=\"yes\" data-elementor-lightbox-slideshow=\"5f396e7\" data-elementor-lightbox-title=\"Caldeira_Flamotubular_cavaco (1)\" data-e-action-hash=\"#elementor-action%3Aaction%3Dlightbox%26settings%3DeyJpZCI6MjYxNSwidXJsIjoiaHR0cHM6XC9cL2J1cm50ZWNoLmluZC5iclwvd3AtY29udGVudFwvdXBsb2Fkc1wvMjAyM1wvMDVcL0NhbGRlaXJhX0ZsYW1vdHVidWxhcl9jYXZhY28tMS5wbmciLCJzbGlkZXNob3ciOiI1ZjM5NmU3In0%3D\" href=\"https:\/\/burntech.ind.br\/wp-content\/uploads\/2023\/05\/Caldeira_Flamotubular_cavaco-1.png\"><figure class=\"swiper-slide-inner\"><img decoding=\"async\" class=\"swiper-slide-image\" src=\"https:\/\/burntech.ind.br\/wp-content\/uploads\/2023\/05\/Caldeira_Flamotubular_cavaco-1-150x150.png\" alt=\"Caldeira_Flamotubular_cavaco (1)\" \/><\/figure><\/a><\/div><div class=\"swiper-slide\" role=\"group\" aria-roledescription=\"slide\" aria-label=\"3 de 6\"><a data-elementor-open-lightbox=\"yes\" data-elementor-lightbox-slideshow=\"5f396e7\" data-elementor-lightbox-title=\"Caldeira_Flamotubular_cavaco (2)\" data-e-action-hash=\"#elementor-action%3Aaction%3Dlightbox%26settings%3DeyJpZCI6MjYxNywidXJsIjoiaHR0cHM6XC9cL2J1cm50ZWNoLmluZC5iclwvd3AtY29udGVudFwvdXBsb2Fkc1wvMjAyM1wvMDVcL0NhbGRlaXJhX0ZsYW1vdHVidWxhcl9jYXZhY28tMi5qcGVnIiwic2xpZGVzaG93IjoiNWYzOTZlNyJ9\" href=\"https:\/\/burntech.ind.br\/wp-content\/uploads\/2023\/05\/Caldeira_Flamotubular_cavaco-2.jpeg\"><figure class=\"swiper-slide-inner\"><img decoding=\"async\" class=\"swiper-slide-image\" src=\"https:\/\/burntech.ind.br\/wp-content\/uploads\/2023\/05\/Caldeira_Flamotubular_cavaco-2-150x150.jpeg\" alt=\"Caldeira_Flamotubular_cavaco (2)\" \/><\/figure><\/a><\/div><div class=\"swiper-slide\" role=\"group\" aria-roledescription=\"slide\" aria-label=\"4 de 6\"><a data-elementor-open-lightbox=\"yes\" data-elementor-lightbox-slideshow=\"5f396e7\" data-elementor-lightbox-title=\"Caldeira_Flamotubular_cavaco (2)\" data-e-action-hash=\"#elementor-action%3Aaction%3Dlightbox%26settings%3DeyJpZCI6MjYxOCwidXJsIjoiaHR0cHM6XC9cL2J1cm50ZWNoLmluZC5iclwvd3AtY29udGVudFwvdXBsb2Fkc1wvMjAyM1wvMDVcL0NhbGRlaXJhX0ZsYW1vdHVidWxhcl9jYXZhY28tMi5qcGciLCJzbGlkZXNob3ciOiI1ZjM5NmU3In0%3D\" href=\"https:\/\/burntech.ind.br\/wp-content\/uploads\/2023\/05\/Caldeira_Flamotubular_cavaco-2.jpg\"><figure class=\"swiper-slide-inner\"><img decoding=\"async\" class=\"swiper-slide-image\" src=\"https:\/\/burntech.ind.br\/wp-content\/uploads\/2023\/05\/Caldeira_Flamotubular_cavaco-2-150x150.jpg\" alt=\"Caldeira_Flamotubular_cavaco (2)\" \/><\/figure><\/a><\/div><div class=\"swiper-slide\" role=\"group\" aria-roledescription=\"slide\" aria-label=\"5 de 6\"><a data-elementor-open-lightbox=\"yes\" data-elementor-lightbox-slideshow=\"5f396e7\" data-elementor-lightbox-title=\"Caldeira_Flamotubular_cavaco (3)\" data-e-action-hash=\"#elementor-action%3Aaction%3Dlightbox%26settings%3DeyJpZCI6MjYxOSwidXJsIjoiaHR0cHM6XC9cL2J1cm50ZWNoLmluZC5iclwvd3AtY29udGVudFwvdXBsb2Fkc1wvMjAyM1wvMDVcL0NhbGRlaXJhX0ZsYW1vdHVidWxhcl9jYXZhY28tMy5qcGVnIiwic2xpZGVzaG93IjoiNWYzOTZlNyJ9\" href=\"https:\/\/burntech.ind.br\/wp-content\/uploads\/2023\/05\/Caldeira_Flamotubular_cavaco-3.jpeg\"><figure class=\"swiper-slide-inner\"><img decoding=\"async\" class=\"swiper-slide-image\" src=\"https:\/\/burntech.ind.br\/wp-content\/uploads\/2023\/05\/Caldeira_Flamotubular_cavaco-3-150x150.jpeg\" alt=\"Caldeira_Flamotubular_cavaco (3)\" \/><\/figure><\/a><\/div><div class=\"swiper-slide\" role=\"group\" aria-roledescription=\"slide\" aria-label=\"6 de 6\"><a data-elementor-open-lightbox=\"yes\" data-elementor-lightbox-slideshow=\"5f396e7\" data-elementor-lightbox-title=\"Caldeira_Flamotubular_cavaco (3)\" data-e-action-hash=\"#elementor-action%3Aaction%3Dlightbox%26settings%3DeyJpZCI6MjYyMCwidXJsIjoiaHR0cHM6XC9cL2J1cm50ZWNoLmluZC5iclwvd3AtY29udGVudFwvdXBsb2Fkc1wvMjAyM1wvMDVcL0NhbGRlaXJhX0ZsYW1vdHVidWxhcl9jYXZhY28tMy5qcGciLCJzbGlkZXNob3ciOiI1ZjM5NmU3In0%3D\" href=\"https:\/\/burntech.ind.br\/wp-content\/uploads\/2023\/05\/Caldeira_Flamotubular_cavaco-3.jpg\"><figure class=\"swiper-slide-inner\"><img decoding=\"async\" class=\"swiper-slide-image\" src=\"https:\/\/burntech.ind.br\/wp-content\/uploads\/2023\/05\/Caldeira_Flamotubular_cavaco-3-150x150.jpg\" alt=\"Caldeira_Flamotubular_cavaco (3)\" \/><\/figure><\/a><\/div>\t\t\t<\/div>\n\t\t\t\t\t\t\t\t\t\t\t\t<div class=\"elementor-swiper-button elementor-swiper-button-prev\" role=\"button\" tabindex=\"0\">\n\t\t\t\t\t\t<i aria-hidden=\"true\" class=\"eicon-chevron-left\"><\/i>\t\t\t\t\t<\/div>\n\t\t\t\t\t<div class=\"elementor-swiper-button elementor-swiper-button-next\" role=\"button\" tabindex=\"0\">\n\t\t\t\t\t\t<i aria-hidden=\"true\" class=\"eicon-chevron-right\"><\/i>\t\t\t\t\t<\/div>\n\t\t\t\t\n\t\t\t\t\t\t\t\t\t<div class=\"swiper-pagination\"><\/div>\n\t\t\t\t\t\t\t\t\t<\/div>\n\t\t\t\t<\/div>\n\t\t\t\t<\/div>\n\t\t\t\t<div class=\"elementor-element elementor-element-e5601f3 elementor-arrows-position-outside elementor-hidden-desktop elementor-hidden-tablet elementor-widget elementor-widget-image-carousel\" data-id=\"e5601f3\" data-element_type=\"widget\" data-settings=\"{&quot;slides_to_show&quot;:&quot;5&quot;,&quot;navigation&quot;:&quot;arrows&quot;,&quot;autoplay&quot;:&quot;yes&quot;,&quot;pause_on_hover&quot;:&quot;yes&quot;,&quot;pause_on_interaction&quot;:&quot;yes&quot;,&quot;autoplay_speed&quot;:5000,&quot;infinite&quot;:&quot;yes&quot;,&quot;speed&quot;:500}\" data-widget_type=\"image-carousel.default\">\n\t\t\t\t<div class=\"elementor-widget-container\">\n\t\t\t\t\t<div class=\"elementor-image-carousel-wrapper swiper\" dir=\"ltr\">\n\t\t\t<div class=\"elementor-image-carousel swiper-wrapper swiper-image-stretch\" aria-live=\"off\">\n\t\t\t\t\t\t\t\t<div class=\"swiper-slide\" role=\"group\" aria-roledescription=\"slide\" aria-label=\"1 de 6\"><a data-elementor-open-lightbox=\"yes\" data-elementor-lightbox-slideshow=\"e5601f3\" data-elementor-lightbox-title=\"Caldeira_Flamotubular_cavaco (1)\" data-e-action-hash=\"#elementor-action%3Aaction%3Dlightbox%26settings%3DeyJpZCI6MjYyMSwidXJsIjoiaHR0cHM6XC9cL2J1cm50ZWNoLmluZC5iclwvd3AtY29udGVudFwvdXBsb2Fkc1wvMjAyM1wvMDVcL0NhbGRlaXJhX0ZsYW1vdHVidWxhcl9jYXZhY28tMS0xLmpwZyIsInNsaWRlc2hvdyI6ImU1NjAxZjMifQ%3D%3D\" href=\"https:\/\/burntech.ind.br\/wp-content\/uploads\/2023\/05\/Caldeira_Flamotubular_cavaco-1-1.jpg\"><figure class=\"swiper-slide-inner\"><img decoding=\"async\" class=\"swiper-slide-image\" src=\"https:\/\/burntech.ind.br\/wp-content\/uploads\/2023\/05\/Caldeira_Flamotubular_cavaco-1-1.jpg\" alt=\"Caldeira_Flamotubular_cavaco (1)\" \/><\/figure><\/a><\/div><div class=\"swiper-slide\" role=\"group\" aria-roledescription=\"slide\" aria-label=\"2 de 6\"><a data-elementor-open-lightbox=\"yes\" data-elementor-lightbox-slideshow=\"e5601f3\" data-elementor-lightbox-title=\"Caldeira_Flamotubular_cavaco (1)\" data-e-action-hash=\"#elementor-action%3Aaction%3Dlightbox%26settings%3DeyJpZCI6MjYyMiwidXJsIjoiaHR0cHM6XC9cL2J1cm50ZWNoLmluZC5iclwvd3AtY29udGVudFwvdXBsb2Fkc1wvMjAyM1wvMDVcL0NhbGRlaXJhX0ZsYW1vdHVidWxhcl9jYXZhY28tMS0xLnBuZyIsInNsaWRlc2hvdyI6ImU1NjAxZjMifQ%3D%3D\" href=\"https:\/\/burntech.ind.br\/wp-content\/uploads\/2023\/05\/Caldeira_Flamotubular_cavaco-1-1.png\"><figure class=\"swiper-slide-inner\"><img decoding=\"async\" class=\"swiper-slide-image\" src=\"https:\/\/burntech.ind.br\/wp-content\/uploads\/2023\/05\/Caldeira_Flamotubular_cavaco-1-1.png\" alt=\"Caldeira_Flamotubular_cavaco (1)\" \/><\/figure><\/a><\/div><div class=\"swiper-slide\" role=\"group\" aria-roledescription=\"slide\" aria-label=\"3 de 6\"><a data-elementor-open-lightbox=\"yes\" data-elementor-lightbox-slideshow=\"e5601f3\" data-elementor-lightbox-title=\"Caldeira_Flamotubular_cavaco (2)\" data-e-action-hash=\"#elementor-action%3Aaction%3Dlightbox%26settings%3DeyJpZCI6MjYyNCwidXJsIjoiaHR0cHM6XC9cL2J1cm50ZWNoLmluZC5iclwvd3AtY29udGVudFwvdXBsb2Fkc1wvMjAyM1wvMDVcL0NhbGRlaXJhX0ZsYW1vdHVidWxhcl9jYXZhY28tMi0xLmpwZWciLCJzbGlkZXNob3ciOiJlNTYwMWYzIn0%3D\" href=\"https:\/\/burntech.ind.br\/wp-content\/uploads\/2023\/05\/Caldeira_Flamotubular_cavaco-2-1.jpeg\"><figure class=\"swiper-slide-inner\"><img decoding=\"async\" class=\"swiper-slide-image\" src=\"https:\/\/burntech.ind.br\/wp-content\/uploads\/2023\/05\/Caldeira_Flamotubular_cavaco-2-1.jpeg\" alt=\"Caldeira_Flamotubular_cavaco (2)\" \/><\/figure><\/a><\/div><div class=\"swiper-slide\" role=\"group\" aria-roledescription=\"slide\" aria-label=\"4 de 6\"><a data-elementor-open-lightbox=\"yes\" data-elementor-lightbox-slideshow=\"e5601f3\" data-elementor-lightbox-title=\"Caldeira_Flamotubular_cavaco (2)\" data-e-action-hash=\"#elementor-action%3Aaction%3Dlightbox%26settings%3DeyJpZCI6MjYyNSwidXJsIjoiaHR0cHM6XC9cL2J1cm50ZWNoLmluZC5iclwvd3AtY29udGVudFwvdXBsb2Fkc1wvMjAyM1wvMDVcL0NhbGRlaXJhX0ZsYW1vdHVidWxhcl9jYXZhY28tMi0xLmpwZyIsInNsaWRlc2hvdyI6ImU1NjAxZjMifQ%3D%3D\" href=\"https:\/\/burntech.ind.br\/wp-content\/uploads\/2023\/05\/Caldeira_Flamotubular_cavaco-2-1.jpg\"><figure class=\"swiper-slide-inner\"><img decoding=\"async\" class=\"swiper-slide-image\" src=\"https:\/\/burntech.ind.br\/wp-content\/uploads\/2023\/05\/Caldeira_Flamotubular_cavaco-2-1.jpg\" alt=\"Caldeira_Flamotubular_cavaco (2)\" \/><\/figure><\/a><\/div><div class=\"swiper-slide\" role=\"group\" aria-roledescription=\"slide\" aria-label=\"5 de 6\"><a data-elementor-open-lightbox=\"yes\" data-elementor-lightbox-slideshow=\"e5601f3\" data-elementor-lightbox-title=\"Caldeira_Flamotubular_cavaco (3)\" data-e-action-hash=\"#elementor-action%3Aaction%3Dlightbox%26settings%3DeyJpZCI6MjYyNiwidXJsIjoiaHR0cHM6XC9cL2J1cm50ZWNoLmluZC5iclwvd3AtY29udGVudFwvdXBsb2Fkc1wvMjAyM1wvMDVcL0NhbGRlaXJhX0ZsYW1vdHVidWxhcl9jYXZhY28tMy0xLmpwZWciLCJzbGlkZXNob3ciOiJlNTYwMWYzIn0%3D\" href=\"https:\/\/burntech.ind.br\/wp-content\/uploads\/2023\/05\/Caldeira_Flamotubular_cavaco-3-1.jpeg\"><figure class=\"swiper-slide-inner\"><img decoding=\"async\" class=\"swiper-slide-image\" src=\"https:\/\/burntech.ind.br\/wp-content\/uploads\/2023\/05\/Caldeira_Flamotubular_cavaco-3-1.jpeg\" alt=\"Caldeira_Flamotubular_cavaco (3)\" \/><\/figure><\/a><\/div><div class=\"swiper-slide\" role=\"group\" aria-roledescription=\"slide\" aria-label=\"6 de 6\"><a data-elementor-open-lightbox=\"yes\" data-elementor-lightbox-slideshow=\"e5601f3\" data-elementor-lightbox-title=\"Caldeira_Flamotubular_cavaco (3)\" data-e-action-hash=\"#elementor-action%3Aaction%3Dlightbox%26settings%3DeyJpZCI6MjYyNywidXJsIjoiaHR0cHM6XC9cL2J1cm50ZWNoLmluZC5iclwvd3AtY29udGVudFwvdXBsb2Fkc1wvMjAyM1wvMDVcL0NhbGRlaXJhX0ZsYW1vdHVidWxhcl9jYXZhY28tMy0xLmpwZyIsInNsaWRlc2hvdyI6ImU1NjAxZjMifQ%3D%3D\" href=\"https:\/\/burntech.ind.br\/wp-content\/uploads\/2023\/05\/Caldeira_Flamotubular_cavaco-3-1.jpg\"><figure class=\"swiper-slide-inner\"><img decoding=\"async\" class=\"swiper-slide-image\" src=\"https:\/\/burntech.ind.br\/wp-content\/uploads\/2023\/05\/Caldeira_Flamotubular_cavaco-3-1.jpg\" alt=\"Caldeira_Flamotubular_cavaco (3)\" \/><\/figure><\/a><\/div>\t\t\t<\/div>\n\t\t\t\t\t\t\t\t\t\t\t\t<div class=\"elementor-swiper-button elementor-swiper-button-prev\" role=\"button\" tabindex=\"0\">\n\t\t\t\t\t\t<i aria-hidden=\"true\" class=\"eicon-chevron-left\"><\/i>\t\t\t\t\t<\/div>\n\t\t\t\t\t<div class=\"elementor-swiper-button elementor-swiper-button-next\" role=\"button\" tabindex=\"0\">\n\t\t\t\t\t\t<i aria-hidden=\"true\" class=\"eicon-chevron-right\"><\/i>\t\t\t\t\t<\/div>\n\t\t\t\t\n\t\t\t\t\t\t\t\t\t<\/div>\n\t\t\t\t<\/div>\n\t\t\t\t<\/div>\n\t\t\t\t\t<\/div>\n\t\t<\/div>\n\t\t\t\t\t<\/div>\n\t\t<\/section>\n\t\t\t\t<\/div>","protected":false},"excerpt":{"rendered":"<p>Caldeira Flamotubular Mista HRS A caldeira flamotubular HRZ tem como refer\u00eancia o modelo mais conhecido de mercado com dois passes de gases desenhado em 1996, projeto de uma caldeira moderna, compacta, com o mais tradicional e eficiente sistema de queima tipo grelha WVT fixa-m\u00f3vel, de combust\u00e3o pirol\u00edtica, tecnologia adquirida da Alemanha em 1986. Diferenciais Reconhecida &hellip;<\/p>\n<p class=\"read-more\"> <a class=\"\" href=\"https:\/\/burntech.ind.br\/es\/caldeira-flamotubular-mista-hrs\/\"> <span class=\"screen-reader-text\">HRS<\/span> Leer m\u00e1s &raquo;<\/a><\/p>","protected":false},"author":1,"featured_media":0,"parent":0,"menu_order":0,"comment_status":"closed","ping_status":"closed","template":"","meta":{"om_disable_all_campaigns":false,"_monsterinsights_skip_tracking":false,"_monsterinsights_sitenote_active":false,"_monsterinsights_sitenote_note":"","_monsterinsights_sitenote_category":0,"footnotes":""},"class_list":["post-1230","page","type-page","status-publish","hentry"],"aioseo_notices":[],"_links":{"self":[{"href":"https:\/\/burntech.ind.br\/es\/wp-json\/wp\/v2\/pages\/1230","targetHints":{"allow":["GET"]}}],"collection":[{"href":"https:\/\/burntech.ind.br\/es\/wp-json\/wp\/v2\/pages"}],"about":[{"href":"https:\/\/burntech.ind.br\/es\/wp-json\/wp\/v2\/types\/page"}],"author":[{"embeddable":true,"href":"https:\/\/burntech.ind.br\/es\/wp-json\/wp\/v2\/users\/1"}],"replies":[{"embeddable":true,"href":"https:\/\/burntech.ind.br\/es\/wp-json\/wp\/v2\/comments?post=1230"}],"version-history":[{"count":41,"href":"https:\/\/burntech.ind.br\/es\/wp-json\/wp\/v2\/pages\/1230\/revisions"}],"predecessor-version":[{"id":3304,"href":"https:\/\/burntech.ind.br\/es\/wp-json\/wp\/v2\/pages\/1230\/revisions\/3304"}],"wp:attachment":[{"href":"https:\/\/burntech.ind.br\/es\/wp-json\/wp\/v2\/media?parent=1230"}],"curies":[{"name":"wp","href":"https:\/\/api.w.org\/{rel}","templated":true}]}}