{"id":1968,"date":"2022-03-07T13:17:57","date_gmt":"2022-03-07T13:17:57","guid":{"rendered":"https:\/\/burntech.ind.br\/?page_id=1968"},"modified":"2023-05-05T15:03:23","modified_gmt":"2023-05-05T15:03:23","slug":"sistema-de-movimentacao-de-biomassa","status":"publish","type":"page","link":"https:\/\/burntech.ind.br\/es\/sistema-de-movimentacao-de-biomassa\/","title":{"rendered":"SMB"},"content":{"rendered":"<div data-elementor-type=\"wp-page\" data-elementor-id=\"1968\" class=\"elementor elementor-1968\">\n\t\t\t\t\t\t<section class=\"elementor-section elementor-top-section elementor-element elementor-element-171e8345 elementor-section-boxed elementor-section-height-default elementor-section-height-default\" data-id=\"171e8345\" data-element_type=\"section\" data-settings=\"{&quot;background_background&quot;:&quot;classic&quot;}\">\n\t\t\t\t\t\t\t<div class=\"elementor-background-overlay\"><\/div>\n\t\t\t\t\t\t\t<div class=\"elementor-container elementor-column-gap-no\">\n\t\t\t\t\t<div class=\"elementor-column elementor-col-100 elementor-top-column elementor-element elementor-element-30727358\" data-id=\"30727358\" data-element_type=\"column\">\n\t\t\t<div class=\"elementor-widget-wrap elementor-element-populated\">\n\t\t\t\t\t\t<div class=\"elementor-element elementor-element-73cbfd8a elementor-widget elementor-widget-heading\" data-id=\"73cbfd8a\" data-element_type=\"widget\" data-widget_type=\"heading.default\">\n\t\t\t\t<div class=\"elementor-widget-container\">\n\t\t\t<h1 class=\"elementor-heading-title elementor-size-default\">Sistema de Movimenta\u00e7\u00e3o e Armazenagem de Biomassa<\/h1>\t\t<\/div>\n\t\t\t\t<\/div>\n\t\t\t\t<div class=\"elementor-element elementor-element-9334315 elementor-widget elementor-widget-text-editor\" data-id=\"9334315\" data-element_type=\"widget\" data-widget_type=\"text-editor.default\">\n\t\t\t\t<div class=\"elementor-widget-container\">\n\t\t\t\t\t\t\t<p>A Burntech \u00e9 especializada no desenvolvimento e fornecimento de sistemas de movimenta\u00e7\u00e3o e armazenagem de biomassa totalmente personalizados. Adequados aos anseios do cliente tanto no \u00e2mbito t\u00e9cnico quanto Financeiro.<\/p>\t\t\t\t\t\t<\/div>\n\t\t\t\t<\/div>\n\t\t\t\t\t<\/div>\n\t\t<\/div>\n\t\t\t\t\t<\/div>\n\t\t<\/section>\n\t\t\t\t<section class=\"elementor-section elementor-top-section elementor-element elementor-element-6ba99b69 elementor-section-content-middle elementor-section-boxed elementor-section-height-default elementor-section-height-default\" data-id=\"6ba99b69\" data-element_type=\"section\">\n\t\t\t\t\t\t<div class=\"elementor-container elementor-column-gap-no\">\n\t\t\t\t\t<div class=\"elementor-column elementor-col-33 elementor-top-column elementor-element elementor-element-6ea1ef77\" data-id=\"6ea1ef77\" data-element_type=\"column\">\n\t\t\t<div class=\"elementor-widget-wrap elementor-element-populated\">\n\t\t\t\t\t\t<div class=\"elementor-element elementor-element-44906915 elementor-widget elementor-widget-heading\" data-id=\"44906915\" data-element_type=\"widget\" data-widget_type=\"heading.default\">\n\t\t\t\t<div class=\"elementor-widget-container\">\n\t\t\t<h2 class=\"elementor-heading-title elementor-size-default\">Acerca<\/h2>\t\t<\/div>\n\t\t\t\t<\/div>\n\t\t\t\t\t<\/div>\n\t\t<\/div>\n\t\t\t\t<div class=\"elementor-column elementor-col-66 elementor-top-column elementor-element elementor-element-46166e5a\" data-id=\"46166e5a\" data-element_type=\"column\">\n\t\t\t<div class=\"elementor-widget-wrap elementor-element-populated\">\n\t\t\t\t\t\t<div class=\"elementor-element elementor-element-45b2c0be elementor-widget elementor-widget-text-editor\" data-id=\"45b2c0be\" data-element_type=\"widget\" data-widget_type=\"text-editor.default\">\n\t\t\t\t<div class=\"elementor-widget-container\">\n\t\t\t\t\t\t\t<p>Estes sistemas podem ser verticais ou horizontais, p\u00e1tios abertos ou fechados, roscas extratoras, moegas de recep\u00e7\u00e3o, classificadores, elevadores de canecas, sistemas de <span style=\"font-weight: 400;\">fundo m\u00f3<\/span>vel, entre outros.<\/p>\t\t\t\t\t\t<\/div>\n\t\t\t\t<\/div>\n\t\t\t\t\t<\/div>\n\t\t<\/div>\n\t\t\t\t\t<\/div>\n\t\t<\/section>\n\t\t\t\t<section class=\"elementor-section elementor-top-section elementor-element elementor-element-3104262 elementor-section-boxed elementor-section-height-default elementor-section-height-default\" data-id=\"3104262\" data-element_type=\"section\">\n\t\t\t\t\t\t<div class=\"elementor-container elementor-column-gap-default\">\n\t\t\t\t\t<div class=\"elementor-column elementor-col-33 elementor-top-column elementor-element elementor-element-32de6a34\" data-id=\"32de6a34\" data-element_type=\"column\">\n\t\t\t<div class=\"elementor-widget-wrap elementor-element-populated\">\n\t\t\t\t\t\t<div class=\"elementor-element elementor-element-1a59aa09 elementor-widget elementor-widget-heading\" data-id=\"1a59aa09\" data-element_type=\"widget\" data-widget_type=\"heading.default\">\n\t\t\t\t<div class=\"elementor-widget-container\">\n\t\t\t<h2 class=\"elementor-heading-title elementor-size-default\">Sistemas de alimenta\u00e7\u00e3o<\/h2>\t\t<\/div>\n\t\t\t\t<\/div>\n\t\t\t\t<div class=\"elementor-element elementor-element-308c598 elementor-widget elementor-widget-text-editor\" data-id=\"308c598\" data-element_type=\"widget\" data-widget_type=\"text-editor.default\">\n\t\t\t\t<div class=\"elementor-widget-container\">\n\t\t\t\t\t\t\t<ul><li>Silo horizontal e vertical\u00a0<\/li><li><span style=\"font-weight: 400;\"> Silo tipo <\/span>fundo m\u00f3vel\u00a0<\/li><li>Sistemas de recep\u00e7\u00e3o\u00a0<\/li><li>Sistemas de classifica\u00e7\u00e3o\u00a0<\/li><li>Sistemas de transporte\u00a0<\/li><li>Silo dosador<\/li><\/ul>\t\t\t\t\t\t<\/div>\n\t\t\t\t<\/div>\n\t\t\t\t\t<\/div>\n\t\t<\/div>\n\t\t\t\t<div class=\"elementor-column elementor-col-33 elementor-top-column elementor-element elementor-element-20a9c2c\" data-id=\"20a9c2c\" data-element_type=\"column\">\n\t\t\t<div class=\"elementor-widget-wrap elementor-element-populated\">\n\t\t\t\t\t\t<div class=\"elementor-element elementor-element-c786ee9 elementor-widget elementor-widget-heading\" data-id=\"c786ee9\" data-element_type=\"widget\" data-widget_type=\"heading.default\">\n\t\t\t\t<div class=\"elementor-widget-container\">\n\t\t\t<h2 class=\"elementor-heading-title elementor-size-default\">Combust\u00edveis<\/h2>\t\t<\/div>\n\t\t\t\t<\/div>\n\t\t\t\t<div class=\"elementor-element elementor-element-c4c18e4 elementor-widget elementor-widget-text-editor\" data-id=\"c4c18e4\" data-element_type=\"widget\" data-widget_type=\"text-editor.default\">\n\t\t\t\t<div class=\"elementor-widget-container\">\n\t\t\t\t\t\t\t<ul><li>Manuseio de baga\u00e7o de cana\u00a0<\/li><li>Cavaco\u00a0<\/li><li>Serragem\u00a0<\/li><li>Maravalha\u00a0<\/li><li>Baga\u00e7o\u00a0<\/li><li>Pellets\u00a0<\/li><li>Cascas\u00a0<\/li><li>Palha\u00a0<\/li><li>Residuos agr\u00edcolas\u00a0<\/li><li>Res\u00edduos florestais<\/li><\/ul>\t\t\t\t\t\t<\/div>\n\t\t\t\t<\/div>\n\t\t\t\t\t<\/div>\n\t\t<\/div>\n\t\t\t\t<div class=\"elementor-column elementor-col-33 elementor-top-column elementor-element elementor-element-e5f15a7\" data-id=\"e5f15a7\" data-element_type=\"column\">\n\t\t\t<div class=\"elementor-widget-wrap elementor-element-populated\">\n\t\t\t\t\t\t<div class=\"elementor-element elementor-element-cf0fea6 elementor-widget elementor-widget-heading\" data-id=\"cf0fea6\" data-element_type=\"widget\" data-widget_type=\"heading.default\">\n\t\t\t\t<div class=\"elementor-widget-container\">\n\t\t\t<h2 class=\"elementor-heading-title elementor-size-default\">Vantagens<\/h2>\t\t<\/div>\n\t\t\t\t<\/div>\n\t\t\t\t<div class=\"elementor-element elementor-element-01d0fa5 elementor-widget elementor-widget-text-editor\" data-id=\"01d0fa5\" data-element_type=\"widget\" data-widget_type=\"text-editor.default\">\n\t\t\t\t<div class=\"elementor-widget-container\">\n\t\t\t\t\t\t\t<ul><li>Personalizado\u00a0<\/li><li>Instrumentos de controle\u00a0<\/li><li>Classica\u00e7\u00e3o de material\u00a0<\/li><li>Custo x Benef\u00ed<span style=\"font-weight: 400;\">cio\u00a0<\/span><\/li><li>Sistema automatizado\u00a0<\/li><li>Armazenagem adequada para cada tipo de material\u00a0<\/li><li><span style=\"font-weight: 400;\"> Longa vida \u00fatil <\/span><\/li><\/ul>\t\t\t\t\t\t<\/div>\n\t\t\t\t<\/div>\n\t\t\t\t\t<\/div>\n\t\t<\/div>\n\t\t\t\t\t<\/div>\n\t\t<\/section>\n\t\t\t\t<section class=\"elementor-section elementor-top-section elementor-element elementor-element-19aa684c elementor-section-full_width elementor-section-height-default elementor-section-height-default\" data-id=\"19aa684c\" data-element_type=\"section\" data-settings=\"{&quot;background_background&quot;:&quot;classic&quot;}\">\n\t\t\t\t\t\t<div class=\"elementor-container elementor-column-gap-default\">\n\t\t\t\t\t<div class=\"elementor-column elementor-col-50 elementor-top-column elementor-element elementor-element-4029c84d\" data-id=\"4029c84d\" data-element_type=\"column\" data-settings=\"{&quot;background_background&quot;:&quot;classic&quot;}\">\n\t\t\t<div class=\"elementor-widget-wrap elementor-element-populated\">\n\t\t\t\t\t\t<div class=\"elementor-element elementor-element-3b091706 elementor-widget elementor-widget-image\" data-id=\"3b091706\" data-element_type=\"widget\" data-widget_type=\"image.default\">\n\t\t\t\t<div class=\"elementor-widget-container\">\n\t\t\t\t\t\t\t\t\t\t\t\t\t<img fetchpriority=\"high\" decoding=\"async\" width=\"1280\" height=\"960\" src=\"https:\/\/burntech.ind.br\/wp-content\/uploads\/2022\/03\/SMB.jpg\" class=\"attachment-full size-full wp-image-1930\" alt=\"\" srcset=\"https:\/\/burntech.ind.br\/wp-content\/uploads\/2022\/03\/SMB.jpg 1280w, https:\/\/burntech.ind.br\/wp-content\/uploads\/2022\/03\/SMB-300x225.jpg 300w, https:\/\/burntech.ind.br\/wp-content\/uploads\/2022\/03\/SMB-1024x768.jpg 1024w, https:\/\/burntech.ind.br\/wp-content\/uploads\/2022\/03\/SMB-768x576.jpg 768w\" sizes=\"(max-width: 1280px) 100vw, 1280px\" \/>\t\t\t\t\t\t\t\t\t\t\t\t\t<\/div>\n\t\t\t\t<\/div>\n\t\t\t\t\t<\/div>\n\t\t<\/div>\n\t\t\t\t<div class=\"elementor-column elementor-col-50 elementor-top-column elementor-element elementor-element-622a3e6d\" data-id=\"622a3e6d\" data-element_type=\"column\">\n\t\t\t<div class=\"elementor-widget-wrap\">\n\t\t\t\t\t\t\t<\/div>\n\t\t<\/div>\n\t\t\t\t\t<\/div>\n\t\t<\/section>\n\t\t\t\t<section class=\"elementor-section elementor-top-section elementor-element elementor-element-7d381e elementor-section-boxed elementor-section-height-default elementor-section-height-default\" data-id=\"7d381e\" data-element_type=\"section\">\n\t\t\t\t\t\t<div class=\"elementor-container elementor-column-gap-default\">\n\t\t\t\t\t<div class=\"elementor-column elementor-col-100 elementor-top-column elementor-element elementor-element-6853226c\" data-id=\"6853226c\" data-element_type=\"column\">\n\t\t\t<div class=\"elementor-widget-wrap elementor-element-populated\">\n\t\t\t\t\t\t<div class=\"elementor-element elementor-element-37d19135 elementor-widget elementor-widget-heading\" data-id=\"37d19135\" data-element_type=\"widget\" data-widget_type=\"heading.default\">\n\t\t\t\t<div class=\"elementor-widget-container\">\n\t\t\t<h2 class=\"elementor-heading-title elementor-size-default\">Galeria de fotos:<\/h2>\t\t<\/div>\n\t\t\t\t<\/div>\n\t\t\t\t<div class=\"elementor-element elementor-element-1b1f61af elementor-arrows-position-outside elementor-hidden-phone elementor-pagination-position-outside elementor-widget elementor-widget-image-carousel\" data-id=\"1b1f61af\" data-element_type=\"widget\" data-settings=\"{&quot;slides_to_show&quot;:&quot;5&quot;,&quot;navigation&quot;:&quot;both&quot;,&quot;autoplay&quot;:&quot;yes&quot;,&quot;pause_on_hover&quot;:&quot;yes&quot;,&quot;pause_on_interaction&quot;:&quot;yes&quot;,&quot;autoplay_speed&quot;:5000,&quot;infinite&quot;:&quot;yes&quot;,&quot;speed&quot;:500}\" data-widget_type=\"image-carousel.default\">\n\t\t\t\t<div class=\"elementor-widget-container\">\n\t\t\t\t\t<div class=\"elementor-image-carousel-wrapper swiper\" dir=\"ltr\">\n\t\t\t<div class=\"elementor-image-carousel swiper-wrapper\" aria-live=\"off\">\n\t\t\t\t\t\t\t\t<div class=\"swiper-slide\" role=\"group\" aria-roledescription=\"slide\" aria-label=\"1 de 6\"><a data-elementor-open-lightbox=\"yes\" data-elementor-lightbox-slideshow=\"1b1f61af\" data-elementor-lightbox-title=\"SMB Instalado\" data-e-action-hash=\"#elementor-action%3Aaction%3Dlightbox%26settings%3DeyJpZCI6MTk3MCwidXJsIjoiaHR0cHM6XC9cL2J1cm50ZWNoLmluZC5iclwvd3AtY29udGVudFwvdXBsb2Fkc1wvMjAyMlwvMDNcL0lNR185NjM4LXNjYWxlZC5qcGciLCJzbGlkZXNob3ciOiIxYjFmNjFhZiJ9\" href=\"https:\/\/burntech.ind.br\/wp-content\/uploads\/2022\/03\/IMG_9638-scaled.jpg\"><figure class=\"swiper-slide-inner\"><img decoding=\"async\" class=\"swiper-slide-image\" src=\"https:\/\/burntech.ind.br\/wp-content\/uploads\/2022\/03\/IMG_9638-150x150.jpg\" alt=\"SMB Instalado\" \/><\/figure><\/a><\/div><div class=\"swiper-slide\" role=\"group\" aria-roledescription=\"slide\" aria-label=\"2 de 6\"><a data-elementor-open-lightbox=\"yes\" data-elementor-lightbox-slideshow=\"1b1f61af\" data-elementor-lightbox-title=\"SMB Instalado\" data-e-action-hash=\"#elementor-action%3Aaction%3Dlightbox%26settings%3DeyJpZCI6MTk3MSwidXJsIjoiaHR0cHM6XC9cL2J1cm50ZWNoLmluZC5iclwvd3AtY29udGVudFwvdXBsb2Fkc1wvMjAyMlwvMDNcL0lNRy0yMDE3MDMxOS1XQTAwMTguanBnIiwic2xpZGVzaG93IjoiMWIxZjYxYWYifQ%3D%3D\" href=\"https:\/\/burntech.ind.br\/wp-content\/uploads\/2022\/03\/IMG-20170319-WA0018.jpg\"><figure class=\"swiper-slide-inner\"><img decoding=\"async\" class=\"swiper-slide-image\" src=\"https:\/\/burntech.ind.br\/wp-content\/uploads\/2022\/03\/IMG-20170319-WA0018-150x150.jpg\" alt=\"SMB Instalado\" \/><\/figure><\/a><\/div><div class=\"swiper-slide\" role=\"group\" aria-roledescription=\"slide\" aria-label=\"3 de 6\"><a data-elementor-open-lightbox=\"yes\" data-elementor-lightbox-slideshow=\"1b1f61af\" data-elementor-lightbox-title=\"SMB Instalado\" data-e-action-hash=\"#elementor-action%3Aaction%3Dlightbox%26settings%3DeyJpZCI6MTk3MiwidXJsIjoiaHR0cHM6XC9cL2J1cm50ZWNoLmluZC5iclwvd3AtY29udGVudFwvdXBsb2Fkc1wvMjAyMlwvMDNcL0lNRy0yMDE3MDMxOS1XQTAwMjAuanBnIiwic2xpZGVzaG93IjoiMWIxZjYxYWYifQ%3D%3D\" href=\"https:\/\/burntech.ind.br\/wp-content\/uploads\/2022\/03\/IMG-20170319-WA0020.jpg\"><figure class=\"swiper-slide-inner\"><img decoding=\"async\" class=\"swiper-slide-image\" src=\"https:\/\/burntech.ind.br\/wp-content\/uploads\/2022\/03\/IMG-20170319-WA0020-150x150.jpg\" alt=\"SMB Instalado\" \/><\/figure><\/a><\/div><div class=\"swiper-slide\" role=\"group\" aria-roledescription=\"slide\" aria-label=\"4 de 6\"><a data-elementor-open-lightbox=\"yes\" data-elementor-lightbox-slideshow=\"1b1f61af\" data-elementor-lightbox-title=\"SMB Instalado\" data-e-action-hash=\"#elementor-action%3Aaction%3Dlightbox%26settings%3DeyJpZCI6MTk3MywidXJsIjoiaHR0cHM6XC9cL2J1cm50ZWNoLmluZC5iclwvd3AtY29udGVudFwvdXBsb2Fkc1wvMjAyMlwvMDNcL0lNRy0yMDE3MDUxNS1XQTAwMDEuanBnIiwic2xpZGVzaG93IjoiMWIxZjYxYWYifQ%3D%3D\" href=\"https:\/\/burntech.ind.br\/wp-content\/uploads\/2022\/03\/IMG-20170515-WA0001.jpg\"><figure class=\"swiper-slide-inner\"><img decoding=\"async\" class=\"swiper-slide-image\" src=\"https:\/\/burntech.ind.br\/wp-content\/uploads\/2022\/03\/IMG-20170515-WA0001-150x150.jpg\" alt=\"SMB Instalado\" \/><\/figure><\/a><\/div><div class=\"swiper-slide\" role=\"group\" aria-roledescription=\"slide\" aria-label=\"5 de 6\"><a data-elementor-open-lightbox=\"yes\" data-elementor-lightbox-slideshow=\"1b1f61af\" data-elementor-lightbox-title=\"SMB Instalado\" data-e-action-hash=\"#elementor-action%3Aaction%3Dlightbox%26settings%3DeyJpZCI6MTk3NCwidXJsIjoiaHR0cHM6XC9cL2J1cm50ZWNoLmluZC5iclwvd3AtY29udGVudFwvdXBsb2Fkc1wvMjAyMlwvMDNcL01WQy0wMzJTLmpwZyIsInNsaWRlc2hvdyI6IjFiMWY2MWFmIn0%3D\" href=\"https:\/\/burntech.ind.br\/wp-content\/uploads\/2022\/03\/MVC-032S.jpg\"><figure class=\"swiper-slide-inner\"><img decoding=\"async\" class=\"swiper-slide-image\" src=\"https:\/\/burntech.ind.br\/wp-content\/uploads\/2022\/03\/MVC-032S-150x150.jpg\" alt=\"SMB Instalado\" \/><\/figure><\/a><\/div><div class=\"swiper-slide\" role=\"group\" aria-roledescription=\"slide\" aria-label=\"6 de 6\"><a data-elementor-open-lightbox=\"yes\" data-elementor-lightbox-slideshow=\"1b1f61af\" data-elementor-lightbox-title=\"SMB Instalado\" data-e-action-hash=\"#elementor-action%3Aaction%3Dlightbox%26settings%3DeyJpZCI6MTk3NSwidXJsIjoiaHR0cHM6XC9cL2J1cm50ZWNoLmluZC5iclwvd3AtY29udGVudFwvdXBsb2Fkc1wvMjAyMlwvMDNcL1BhdGlvLnBuZyIsInNsaWRlc2hvdyI6IjFiMWY2MWFmIn0%3D\" href=\"https:\/\/burntech.ind.br\/wp-content\/uploads\/2022\/03\/Patio.png\"><figure class=\"swiper-slide-inner\"><img decoding=\"async\" class=\"swiper-slide-image\" src=\"https:\/\/burntech.ind.br\/wp-content\/uploads\/2022\/03\/Patio-150x150.png\" alt=\"SMB Instalado\" \/><\/figure><\/a><\/div>\t\t\t<\/div>\n\t\t\t\t\t\t\t\t\t\t\t\t<div class=\"elementor-swiper-button elementor-swiper-button-prev\" role=\"button\" tabindex=\"0\">\n\t\t\t\t\t\t<i aria-hidden=\"true\" class=\"eicon-chevron-left\"><\/i>\t\t\t\t\t<\/div>\n\t\t\t\t\t<div class=\"elementor-swiper-button elementor-swiper-button-next\" role=\"button\" tabindex=\"0\">\n\t\t\t\t\t\t<i aria-hidden=\"true\" class=\"eicon-chevron-right\"><\/i>\t\t\t\t\t<\/div>\n\t\t\t\t\n\t\t\t\t\t\t\t\t\t<div class=\"swiper-pagination\"><\/div>\n\t\t\t\t\t\t\t\t\t<\/div>\n\t\t\t\t<\/div>\n\t\t\t\t<\/div>\n\t\t\t\t<div class=\"elementor-element elementor-element-939cae3 elementor-arrows-position-outside elementor-hidden-desktop elementor-hidden-tablet elementor-pagination-position-outside elementor-widget elementor-widget-image-carousel\" data-id=\"939cae3\" data-element_type=\"widget\" data-settings=\"{&quot;slides_to_show&quot;:&quot;5&quot;,&quot;navigation&quot;:&quot;both&quot;,&quot;autoplay&quot;:&quot;yes&quot;,&quot;pause_on_hover&quot;:&quot;yes&quot;,&quot;pause_on_interaction&quot;:&quot;yes&quot;,&quot;autoplay_speed&quot;:5000,&quot;infinite&quot;:&quot;yes&quot;,&quot;speed&quot;:500}\" data-widget_type=\"image-carousel.default\">\n\t\t\t\t<div class=\"elementor-widget-container\">\n\t\t\t\t\t<div class=\"elementor-image-carousel-wrapper swiper\" dir=\"ltr\">\n\t\t\t<div class=\"elementor-image-carousel swiper-wrapper swiper-image-stretch\" aria-live=\"off\">\n\t\t\t\t\t\t\t\t<div class=\"swiper-slide\" role=\"group\" aria-roledescription=\"slide\" aria-label=\"1 de 6\"><a data-elementor-open-lightbox=\"yes\" data-elementor-lightbox-slideshow=\"939cae3\" data-elementor-lightbox-title=\"SMB Instalado\" data-e-action-hash=\"#elementor-action%3Aaction%3Dlightbox%26settings%3DeyJpZCI6MTk3MCwidXJsIjoiaHR0cHM6XC9cL2J1cm50ZWNoLmluZC5iclwvd3AtY29udGVudFwvdXBsb2Fkc1wvMjAyMlwvMDNcL0lNR185NjM4LXNjYWxlZC5qcGciLCJzbGlkZXNob3ciOiI5MzljYWUzIn0%3D\" href=\"https:\/\/burntech.ind.br\/wp-content\/uploads\/2022\/03\/IMG_9638-scaled.jpg\"><figure class=\"swiper-slide-inner\"><img decoding=\"async\" class=\"swiper-slide-image\" src=\"https:\/\/burntech.ind.br\/wp-content\/uploads\/2022\/03\/IMG_9638-768x512.jpg\" alt=\"SMB Instalado\" \/><\/figure><\/a><\/div><div class=\"swiper-slide\" role=\"group\" aria-roledescription=\"slide\" aria-label=\"2 de 6\"><a data-elementor-open-lightbox=\"yes\" data-elementor-lightbox-slideshow=\"939cae3\" data-elementor-lightbox-title=\"SMB Instalado\" data-e-action-hash=\"#elementor-action%3Aaction%3Dlightbox%26settings%3DeyJpZCI6MTk3MSwidXJsIjoiaHR0cHM6XC9cL2J1cm50ZWNoLmluZC5iclwvd3AtY29udGVudFwvdXBsb2Fkc1wvMjAyMlwvMDNcL0lNRy0yMDE3MDMxOS1XQTAwMTguanBnIiwic2xpZGVzaG93IjoiOTM5Y2FlMyJ9\" href=\"https:\/\/burntech.ind.br\/wp-content\/uploads\/2022\/03\/IMG-20170319-WA0018.jpg\"><figure class=\"swiper-slide-inner\"><img decoding=\"async\" class=\"swiper-slide-image\" src=\"https:\/\/burntech.ind.br\/wp-content\/uploads\/2022\/03\/IMG-20170319-WA0018-768x576.jpg\" alt=\"SMB Instalado\" \/><\/figure><\/a><\/div><div class=\"swiper-slide\" role=\"group\" aria-roledescription=\"slide\" aria-label=\"3 de 6\"><a data-elementor-open-lightbox=\"yes\" data-elementor-lightbox-slideshow=\"939cae3\" data-elementor-lightbox-title=\"SMB Instalado\" data-e-action-hash=\"#elementor-action%3Aaction%3Dlightbox%26settings%3DeyJpZCI6MTk3MiwidXJsIjoiaHR0cHM6XC9cL2J1cm50ZWNoLmluZC5iclwvd3AtY29udGVudFwvdXBsb2Fkc1wvMjAyMlwvMDNcL0lNRy0yMDE3MDMxOS1XQTAwMjAuanBnIiwic2xpZGVzaG93IjoiOTM5Y2FlMyJ9\" href=\"https:\/\/burntech.ind.br\/wp-content\/uploads\/2022\/03\/IMG-20170319-WA0020.jpg\"><figure class=\"swiper-slide-inner\"><img decoding=\"async\" class=\"swiper-slide-image\" src=\"https:\/\/burntech.ind.br\/wp-content\/uploads\/2022\/03\/IMG-20170319-WA0020-768x576.jpg\" alt=\"SMB Instalado\" \/><\/figure><\/a><\/div><div class=\"swiper-slide\" role=\"group\" aria-roledescription=\"slide\" aria-label=\"4 de 6\"><a data-elementor-open-lightbox=\"yes\" data-elementor-lightbox-slideshow=\"939cae3\" data-elementor-lightbox-title=\"SMB Instalado\" data-e-action-hash=\"#elementor-action%3Aaction%3Dlightbox%26settings%3DeyJpZCI6MTk3MywidXJsIjoiaHR0cHM6XC9cL2J1cm50ZWNoLmluZC5iclwvd3AtY29udGVudFwvdXBsb2Fkc1wvMjAyMlwvMDNcL0lNRy0yMDE3MDUxNS1XQTAwMDEuanBnIiwic2xpZGVzaG93IjoiOTM5Y2FlMyJ9\" href=\"https:\/\/burntech.ind.br\/wp-content\/uploads\/2022\/03\/IMG-20170515-WA0001.jpg\"><figure class=\"swiper-slide-inner\"><img decoding=\"async\" class=\"swiper-slide-image\" src=\"https:\/\/burntech.ind.br\/wp-content\/uploads\/2022\/03\/IMG-20170515-WA0001-768x576.jpg\" alt=\"SMB Instalado\" \/><\/figure><\/a><\/div><div class=\"swiper-slide\" role=\"group\" aria-roledescription=\"slide\" aria-label=\"5 de 6\"><a data-elementor-open-lightbox=\"yes\" data-elementor-lightbox-slideshow=\"939cae3\" data-elementor-lightbox-title=\"SMB Instalado\" data-e-action-hash=\"#elementor-action%3Aaction%3Dlightbox%26settings%3DeyJpZCI6MTk3NCwidXJsIjoiaHR0cHM6XC9cL2J1cm50ZWNoLmluZC5iclwvd3AtY29udGVudFwvdXBsb2Fkc1wvMjAyMlwvMDNcL01WQy0wMzJTLmpwZyIsInNsaWRlc2hvdyI6IjkzOWNhZTMifQ%3D%3D\" href=\"https:\/\/burntech.ind.br\/wp-content\/uploads\/2022\/03\/MVC-032S.jpg\"><figure class=\"swiper-slide-inner\"><img decoding=\"async\" class=\"swiper-slide-image\" src=\"https:\/\/burntech.ind.br\/wp-content\/uploads\/2022\/03\/MVC-032S.jpg\" alt=\"SMB Instalado\" \/><\/figure><\/a><\/div><div class=\"swiper-slide\" role=\"group\" aria-roledescription=\"slide\" aria-label=\"6 de 6\"><a data-elementor-open-lightbox=\"yes\" data-elementor-lightbox-slideshow=\"939cae3\" data-elementor-lightbox-title=\"SMB Instalado\" data-e-action-hash=\"#elementor-action%3Aaction%3Dlightbox%26settings%3DeyJpZCI6MTk3NSwidXJsIjoiaHR0cHM6XC9cL2J1cm50ZWNoLmluZC5iclwvd3AtY29udGVudFwvdXBsb2Fkc1wvMjAyMlwvMDNcL1BhdGlvLnBuZyIsInNsaWRlc2hvdyI6IjkzOWNhZTMifQ%3D%3D\" href=\"https:\/\/burntech.ind.br\/wp-content\/uploads\/2022\/03\/Patio.png\"><figure class=\"swiper-slide-inner\"><img decoding=\"async\" class=\"swiper-slide-image\" src=\"https:\/\/burntech.ind.br\/wp-content\/uploads\/2022\/03\/Patio-768x512.png\" alt=\"SMB Instalado\" \/><\/figure><\/a><\/div>\t\t\t<\/div>\n\t\t\t\t\t\t\t\t\t\t\t\t<div class=\"elementor-swiper-button elementor-swiper-button-prev\" role=\"button\" tabindex=\"0\">\n\t\t\t\t\t\t<i aria-hidden=\"true\" class=\"eicon-chevron-left\"><\/i>\t\t\t\t\t<\/div>\n\t\t\t\t\t<div class=\"elementor-swiper-button elementor-swiper-button-next\" role=\"button\" tabindex=\"0\">\n\t\t\t\t\t\t<i aria-hidden=\"true\" class=\"eicon-chevron-right\"><\/i>\t\t\t\t\t<\/div>\n\t\t\t\t\n\t\t\t\t\t\t\t\t\t<div class=\"swiper-pagination\"><\/div>\n\t\t\t\t\t\t\t\t\t<\/div>\n\t\t\t\t<\/div>\n\t\t\t\t<\/div>\n\t\t\t\t\t<\/div>\n\t\t<\/div>\n\t\t\t\t\t<\/div>\n\t\t<\/section>\n\t\t\t\t<\/div>","protected":false},"excerpt":{"rendered":"<p>Sistema de Movimenta\u00e7\u00e3o e Armazenagem de Biomassa A Burntech \u00e9 especializada no desenvolvimento e fornecimento de sistemas de movimenta\u00e7\u00e3o e armazenagem de biomassa totalmente personalizados. Adequados aos anseios do cliente tanto no \u00e2mbito t\u00e9cnico quanto Financeiro. Sobre Estes sistemas podem ser verticais ou horizontais, p\u00e1tios abertos ou fechados, roscas extratoras, moegas de recep\u00e7\u00e3o, classificadores, elevadores &hellip;<\/p>\n<p class=\"read-more\"> <a class=\"\" href=\"https:\/\/burntech.ind.br\/es\/sistema-de-movimentacao-de-biomassa\/\"> <span class=\"screen-reader-text\">SMB<\/span> Leer m\u00e1s &raquo;<\/a><\/p>","protected":false},"author":1,"featured_media":0,"parent":0,"menu_order":0,"comment_status":"closed","ping_status":"closed","template":"","meta":{"om_disable_all_campaigns":false,"_monsterinsights_skip_tracking":false,"_monsterinsights_sitenote_active":false,"_monsterinsights_sitenote_note":"","_monsterinsights_sitenote_category":0,"footnotes":""},"class_list":["post-1968","page","type-page","status-publish","hentry"],"aioseo_notices":[],"_links":{"self":[{"href":"https:\/\/burntech.ind.br\/es\/wp-json\/wp\/v2\/pages\/1968","targetHints":{"allow":["GET"]}}],"collection":[{"href":"https:\/\/burntech.ind.br\/es\/wp-json\/wp\/v2\/pages"}],"about":[{"href":"https:\/\/burntech.ind.br\/es\/wp-json\/wp\/v2\/types\/page"}],"author":[{"embeddable":true,"href":"https:\/\/burntech.ind.br\/es\/wp-json\/wp\/v2\/users\/1"}],"replies":[{"embeddable":true,"href":"https:\/\/burntech.ind.br\/es\/wp-json\/wp\/v2\/comments?post=1968"}],"version-history":[{"count":17,"href":"https:\/\/burntech.ind.br\/es\/wp-json\/wp\/v2\/pages\/1968\/revisions"}],"predecessor-version":[{"id":2682,"href":"https:\/\/burntech.ind.br\/es\/wp-json\/wp\/v2\/pages\/1968\/revisions\/2682"}],"wp:attachment":[{"href":"https:\/\/burntech.ind.br\/es\/wp-json\/wp\/v2\/media?parent=1968"}],"curies":[{"name":"wp","href":"https:\/\/api.w.org\/{rel}","templated":true}]}}